{"id":4893,"date":"2024-05-05T00:37:57","date_gmt":"2024-05-05T00:37:57","guid":{"rendered":"https:\/\/theatreagora.ca\/?page_id=4893"},"modified":"2024-11-01T19:43:01","modified_gmt":"2024-11-01T19:43:01","slug":"organizateurs-de-colloque-lacrt","status":"publish","type":"page","link":"https:\/\/theatreagora.ca\/fr\/organizateurs-de-colloque-lacrt\/","title":{"rendered":"Organizateurs de Colloque l&#8217;ACRT 2024"},"content":{"rendered":"\n<h3 class=\"wp-block-heading has-text-align-center\"><span class=\"ez-toc-section\" id=\"copresidents-de-colloque\"><\/span><strong>COPRESIDENTS DE COLLOQUE<\/strong><span class=\"ez-toc-section-end\"><\/span><\/h3>\n\n\n\n<p>Taiwo Afolabi, Fraser M. Stevens<\/p>\n\n\n\n<h3 class=\"wp-block-heading has-text-align-center\"><span class=\"ez-toc-section\" id=\"coordinateur-des-evenements-locaux\"><\/span><strong>COORDINATEUR DES \u00c9V\u00c9NEMENTS LOCAUX<\/strong><span class=\"ez-toc-section-end\"><\/span><\/h3>\n\n\n\n<p>Katherine Zien<\/p>\n\n\n\n<h3 class=\"wp-block-heading has-text-align-center\"><span class=\"ez-toc-section\" id=\"coordinateur-de-colloque\"><\/span><strong>COORDINATEUR DE COLLOQUE<\/strong><span class=\"ez-toc-section-end\"><\/span><\/h3>\n\n\n\n<p>David DeGrow<\/p>\n\n\n\n<h3 class=\"wp-block-heading has-text-align-center\"><span class=\"ez-toc-section\" id=\"president-de-lacrt\"><\/span><strong>PRESIDENT DE L&#8217;ACRT<\/strong><span class=\"ez-toc-section-end\"><\/span><\/h3>\n\n\n\n<p>Robin Whittaker<\/p>\n\n\n\n<h3 class=\"wp-block-heading has-text-align-center\"><span class=\"ez-toc-section\" id=\"comites\"><\/span><strong>COMIT\u00c9S<\/strong><span class=\"ez-toc-section-end\"><\/span><\/h3>\n\n\n\n<p><strong>Comit\u00e9 d&#8217;organisation<\/strong>: Fraser Stevens (Chair), Robin Whittaker, Katrina Dunn, Sebastian Samur, Jayna Mees, Taylor Graham, Taiwo Afolabi, David DeGrow, Katherine Zien<\/p>\n\n\n\n<p><strong>Comit\u00e9 de programmation: <\/strong>Kelsey Blair, Kailin Wright, Alexandra Kovacs, Justin Blum, Michelle Macarthur, Taiwo Afolabi<\/p>\n\n\n\n<p><strong>Finances et gestion financi\u00e8re<\/strong>: Katrina Dunn<\/p>\n\n\n\n<p><strong>Comit\u00e9 de traduction:<\/strong> <strong> <\/strong>Sebastian Samur (Coordinateur de Traduction)<\/p>\n\n\n\n<p><strong>Comit\u00e9 d&#8217;Acc\u00e8s:<\/strong> <strong>Jayna Mees <\/strong><\/p>\n\n\n\n<p><strong>Comit\u00e9 de programmation<\/strong>: <strong> <\/strong>Kelsey Blair et Justin Blum<\/p>\n\n\n\n<p><strong>Comit\u00e9 des communications:<\/strong> Taylor Graham, Giorelle Diokno, Bridget Baldwin, Jayna Mees <strong> <\/strong><\/p>\n\n\n\n<p><strong>Comit\u00e9 de TheatreAgora.ca:<\/strong> Taiwo Afolabi (Co-Chair), Nicole Nolette (Co-Chair), Jordana Cox, Katrina Dunn, Jane Koustas, Jeanne Murray-Tanguay, Jacobs Nevins, Marie-Eve Skelling, Neil Silcox, Fraser M. Steven, Robin Whittaker, David DeGrow<\/p>\n","protected":false},"excerpt":{"rendered":"<p>COPRESIDENTS DE COLLOQUE Taiwo Afolabi, Fraser M. Stevens COORDINATEUR DES \u00c9V\u00c9NEMENTS LOCAUX Katherine Zien COORDINATEUR DE COLLOQUE David DeGrow PRESIDENT DE L&#8217;ACRT Robin Whittaker COMIT\u00c9S Comit\u00e9 d&#8217;organisation: Fraser&hellip;<\/p>\n","protected":false},"author":9,"featured_media":0,"parent":0,"menu_order":0,"comment_status":"closed","ping_status":"closed","template":"","meta":{"_acf_changed":false,"_uag_custom_page_level_css":"","_monsterinsights_skip_tracking":false,"_monsterinsights_sitenote_active":false,"_monsterinsights_sitenote_note":"","_monsterinsights_sitenote_category":0,"footnotes":""},"class_list":["post-4893","page","type-page","status-publish","has-post-thumbnail","hentry"],"acf":[],"yoast_head":"<!-- This site is optimized with the Yoast SEO plugin v27.2 - https:\/\/yoast.com\/product\/yoast-seo-wordpress\/ -->\n<title>Organizateurs de Colloque l&#039;ACRT 2024 - TheatreAgora.ca<\/title>\n<meta name=\"robots\" content=\"index, follow, max-snippet:-1, max-image-preview:large, max-video-preview:-1\" \/>\n<link rel=\"canonical\" href=\"https:\/\/theatreagora.ca\/fr\/organizateurs-de-colloque-lacrt\/\" \/>\n<meta property=\"og:locale\" content=\"fr_FR\" \/>\n<meta property=\"og:type\" content=\"article\" \/>\n<meta property=\"og:title\" content=\"Organizateurs de Colloque l&#039;ACRT 2024 - TheatreAgora.ca\" \/>\n<meta property=\"og:description\" content=\"COPRESIDENTS DE COLLOQUE Taiwo Afolabi, Fraser M. Stevens COORDINATEUR DES \u00c9V\u00c9NEMENTS LOCAUX Katherine Zien COORDINATEUR DE COLLOQUE David DeGrow PRESIDENT DE L&#8217;ACRT Robin Whittaker COMIT\u00c9S Comit\u00e9 d&#8217;organisation: Fraser&hellip;\" \/>\n<meta property=\"og:url\" content=\"https:\/\/theatreagora.ca\/fr\/organizateurs-de-colloque-lacrt\/\" \/>\n<meta property=\"og:site_name\" content=\"TheatreAgora.ca\" \/>\n<meta property=\"article:modified_time\" content=\"2024-11-01T19:43:01+00:00\" \/>\n<meta property=\"og:image\" content=\"https:\/\/theatreagora.ca\/wp-content\/uploads\/2022\/11\/theatre-agora-logo-retina-en-1.png\" \/>\n\t<meta property=\"og:image:width\" content=\"489\" \/>\n\t<meta property=\"og:image:height\" content=\"94\" \/>\n\t<meta property=\"og:image:type\" content=\"image\/png\" \/>\n<meta name=\"twitter:card\" content=\"summary_large_image\" \/>\n<meta name=\"twitter:label1\" content=\"Dur\u00e9e de lecture estim\u00e9e\" \/>\n\t<meta name=\"twitter:data1\" content=\"1 minute\" \/>\n<script type=\"application\/ld+json\" class=\"yoast-schema-graph\">{\"@context\":\"https:\/\/schema.org\",\"@graph\":[{\"@type\":\"WebPage\",\"@id\":\"https:\/\/theatreagora.ca\/fr\/organizateurs-de-colloque-lacrt\/\",\"url\":\"https:\/\/theatreagora.ca\/fr\/organizateurs-de-colloque-lacrt\/\",\"name\":\"Organizateurs de Colloque l'ACRT 2024 - TheatreAgora.ca\",\"isPartOf\":{\"@id\":\"https:\/\/theatreagora.ca\/#website\"},\"datePublished\":\"2024-05-05T00:37:57+00:00\",\"dateModified\":\"2024-11-01T19:43:01+00:00\",\"breadcrumb\":{\"@id\":\"https:\/\/theatreagora.ca\/fr\/organizateurs-de-colloque-lacrt\/#breadcrumb\"},\"inLanguage\":\"fr-FR\",\"potentialAction\":[{\"@type\":\"ReadAction\",\"target\":[\"https:\/\/theatreagora.ca\/fr\/organizateurs-de-colloque-lacrt\/\"]}]},{\"@type\":\"BreadcrumbList\",\"@id\":\"https:\/\/theatreagora.ca\/fr\/organizateurs-de-colloque-lacrt\/#breadcrumb\",\"itemListElement\":[{\"@type\":\"ListItem\",\"position\":1,\"name\":\"Home\",\"item\":\"https:\/\/theatreagora.ca\/fr\/\"},{\"@type\":\"ListItem\",\"position\":2,\"name\":\"Organizateurs de Colloque l&#8217;ACRT 2024\"}]},{\"@type\":\"WebSite\",\"@id\":\"https:\/\/theatreagora.ca\/#website\",\"url\":\"https:\/\/theatreagora.ca\/\",\"name\":\"TheatreAgora.ca\",\"description\":\"the online meeting place of CATR and SQET |\u00a0le lieu de rencontre en ligne de la SQET et de l\u2019ACRT\",\"publisher\":{\"@id\":\"https:\/\/theatreagora.ca\/#organization\"},\"potentialAction\":[{\"@type\":\"SearchAction\",\"target\":{\"@type\":\"EntryPoint\",\"urlTemplate\":\"https:\/\/theatreagora.ca\/?s={search_term_string}\"},\"query-input\":{\"@type\":\"PropertyValueSpecification\",\"valueRequired\":true,\"valueName\":\"search_term_string\"}}],\"inLanguage\":\"fr-FR\"},{\"@type\":\"Organization\",\"@id\":\"https:\/\/theatreagora.ca\/#organization\",\"name\":\"TheatreAgora.ca\",\"url\":\"https:\/\/theatreagora.ca\/\",\"logo\":{\"@type\":\"ImageObject\",\"inLanguage\":\"fr-FR\",\"@id\":\"https:\/\/theatreagora.ca\/#\/schema\/logo\/image\/\",\"url\":\"https:\/\/theatreagora.ca\/wp-content\/uploads\/2024\/11\/cropped-TA_Logo.png\",\"contentUrl\":\"https:\/\/theatreagora.ca\/wp-content\/uploads\/2024\/11\/cropped-TA_Logo.png\",\"width\":2043,\"height\":517,\"caption\":\"TheatreAgora.ca\"},\"image\":{\"@id\":\"https:\/\/theatreagora.ca\/#\/schema\/logo\/image\/\"}}]}<\/script>\n<!-- \/ Yoast SEO plugin. -->","yoast_head_json":{"title":"Organizateurs de Colloque l'ACRT 2024 - TheatreAgora.ca","robots":{"index":"index","follow":"follow","max-snippet":"max-snippet:-1","max-image-preview":"max-image-preview:large","max-video-preview":"max-video-preview:-1"},"canonical":"https:\/\/theatreagora.ca\/fr\/organizateurs-de-colloque-lacrt\/","og_locale":"fr_FR","og_type":"article","og_title":"Organizateurs de Colloque l'ACRT 2024 - TheatreAgora.ca","og_description":"COPRESIDENTS DE COLLOQUE Taiwo Afolabi, Fraser M. Stevens COORDINATEUR DES \u00c9V\u00c9NEMENTS LOCAUX Katherine Zien COORDINATEUR DE COLLOQUE David DeGrow PRESIDENT DE L&#8217;ACRT Robin Whittaker COMIT\u00c9S Comit\u00e9 d&#8217;organisation: Fraser&hellip;","og_url":"https:\/\/theatreagora.ca\/fr\/organizateurs-de-colloque-lacrt\/","og_site_name":"TheatreAgora.ca","article_modified_time":"2024-11-01T19:43:01+00:00","og_image":[{"width":489,"height":94,"url":"https:\/\/theatreagora.ca\/wp-content\/uploads\/2022\/11\/theatre-agora-logo-retina-en-1.png","type":"image\/png"}],"twitter_card":"summary_large_image","twitter_misc":{"Dur\u00e9e de lecture estim\u00e9e":"1 minute"},"schema":{"@context":"https:\/\/schema.org","@graph":[{"@type":"WebPage","@id":"https:\/\/theatreagora.ca\/fr\/organizateurs-de-colloque-lacrt\/","url":"https:\/\/theatreagora.ca\/fr\/organizateurs-de-colloque-lacrt\/","name":"Organizateurs de Colloque l'ACRT 2024 - TheatreAgora.ca","isPartOf":{"@id":"https:\/\/theatreagora.ca\/#website"},"datePublished":"2024-05-05T00:37:57+00:00","dateModified":"2024-11-01T19:43:01+00:00","breadcrumb":{"@id":"https:\/\/theatreagora.ca\/fr\/organizateurs-de-colloque-lacrt\/#breadcrumb"},"inLanguage":"fr-FR","potentialAction":[{"@type":"ReadAction","target":["https:\/\/theatreagora.ca\/fr\/organizateurs-de-colloque-lacrt\/"]}]},{"@type":"BreadcrumbList","@id":"https:\/\/theatreagora.ca\/fr\/organizateurs-de-colloque-lacrt\/#breadcrumb","itemListElement":[{"@type":"ListItem","position":1,"name":"Home","item":"https:\/\/theatreagora.ca\/fr\/"},{"@type":"ListItem","position":2,"name":"Organizateurs de Colloque l&#8217;ACRT 2024"}]},{"@type":"WebSite","@id":"https:\/\/theatreagora.ca\/#website","url":"https:\/\/theatreagora.ca\/","name":"TheatreAgora.ca","description":"the online meeting place of CATR and SQET |\u00a0le lieu de rencontre en ligne de la SQET et de l\u2019ACRT","publisher":{"@id":"https:\/\/theatreagora.ca\/#organization"},"potentialAction":[{"@type":"SearchAction","target":{"@type":"EntryPoint","urlTemplate":"https:\/\/theatreagora.ca\/?s={search_term_string}"},"query-input":{"@type":"PropertyValueSpecification","valueRequired":true,"valueName":"search_term_string"}}],"inLanguage":"fr-FR"},{"@type":"Organization","@id":"https:\/\/theatreagora.ca\/#organization","name":"TheatreAgora.ca","url":"https:\/\/theatreagora.ca\/","logo":{"@type":"ImageObject","inLanguage":"fr-FR","@id":"https:\/\/theatreagora.ca\/#\/schema\/logo\/image\/","url":"https:\/\/theatreagora.ca\/wp-content\/uploads\/2024\/11\/cropped-TA_Logo.png","contentUrl":"https:\/\/theatreagora.ca\/wp-content\/uploads\/2024\/11\/cropped-TA_Logo.png","width":2043,"height":517,"caption":"TheatreAgora.ca"},"image":{"@id":"https:\/\/theatreagora.ca\/#\/schema\/logo\/image\/"}}]}},"uagb_featured_image_src":{"full":false,"thumbnail":false,"medium":false,"medium_large":false,"large":false,"1536x1536":false,"2048x2048":false,"post-thumbnail":false,"chaplin_preview_image_low_resolution":false,"chaplin_preview_image_high_resolution":false,"chaplin_fullscreen":false},"uagb_author_info":{"display_name":"Dave Degrow","author_link":"https:\/\/theatreagora.ca\/fr\/author\/ddegrow\/"},"uagb_comment_info":0,"uagb_excerpt":"COPRESIDENTS DE COLLOQUE Taiwo Afolabi, Fraser M. Stevens COORDINATEUR DES \u00c9V\u00c9NEMENTS LOCAUX Katherine Zien COORDINATEUR DE COLLOQUE David DeGrow PRESIDENT DE L&#8217;ACRT Robin Whittaker COMIT\u00c9S Comit\u00e9 d&#8217;organisation: Fraser&hellip;","_links":{"self":[{"href":"https:\/\/theatreagora.ca\/fr\/wp-json\/wp\/v2\/pages\/4893","targetHints":{"allow":["GET"]}}],"collection":[{"href":"https:\/\/theatreagora.ca\/fr\/wp-json\/wp\/v2\/pages"}],"about":[{"href":"https:\/\/theatreagora.ca\/fr\/wp-json\/wp\/v2\/types\/page"}],"author":[{"embeddable":true,"href":"https:\/\/theatreagora.ca\/fr\/wp-json\/wp\/v2\/users\/9"}],"replies":[{"embeddable":true,"href":"https:\/\/theatreagora.ca\/fr\/wp-json\/wp\/v2\/comments?post=4893"}],"version-history":[{"count":5,"href":"https:\/\/theatreagora.ca\/fr\/wp-json\/wp\/v2\/pages\/4893\/revisions"}],"predecessor-version":[{"id":6260,"href":"https:\/\/theatreagora.ca\/fr\/wp-json\/wp\/v2\/pages\/4893\/revisions\/6260"}],"wp:attachment":[{"href":"https:\/\/theatreagora.ca\/fr\/wp-json\/wp\/v2\/media?parent=4893"}],"curies":[{"name":"wp","href":"https:\/\/api.w.org\/{rel}","templated":true}]}}