{"id":4985,"date":"2024-05-21T00:02:02","date_gmt":"2024-05-21T00:02:02","guid":{"rendered":"https:\/\/theatreagora.ca\/?page_id=4985"},"modified":"2024-06-25T23:40:25","modified_gmt":"2024-06-25T23:40:25","slug":"colloque-de-lacrt-2024-2","status":"publish","type":"page","link":"https:\/\/theatreagora.ca\/fr\/colloque-de-lacrt-2024-2\/","title":{"rendered":"Supporters de Colloque de l&#8217;ACRT 2024"},"content":{"rendered":"\n<p>Le colloque de l&#8217;ACRT 2024 ne serait pas possible sans le g\u00e9n\u00e9reux soutien des donateurs suivants&nbsp;:<\/p>\n\n\n\n<p id=\"tw-target-rmn\"><\/p>\n\n\n\n<h2 class=\"wp-block-heading has-text-align-center\"><span class=\"ez-toc-section\" id=\"hotes-de-colloque\"><\/span><strong>H\u00f4tes de colloque<\/strong><span class=\"ez-toc-section-end\"><\/span><\/h2>\n\n\n<div class=\"wp-block-image\">\n<figure class=\"aligncenter size-full\"><img loading=\"lazy\" decoding=\"async\" width=\"866\" height=\"650\" src=\"https:\/\/theatreagora.ca\/wp-content\/uploads\/2024\/05\/concordia-university6864.jpg\" alt=\"Logo of Concordia University\" class=\"wp-image-4970\" srcset=\"https:\/\/theatreagora.ca\/wp-content\/uploads\/2024\/05\/concordia-university6864.jpg 866w, https:\/\/theatreagora.ca\/wp-content\/uploads\/2024\/05\/concordia-university6864-300x225.jpg 300w, https:\/\/theatreagora.ca\/wp-content\/uploads\/2024\/05\/concordia-university6864-768x576.jpg 768w, https:\/\/theatreagora.ca\/wp-content\/uploads\/2024\/05\/concordia-university6864-540x405.jpg 540w\" sizes=\"auto, (max-width: 866px) 100vw, 866px\" \/><\/figure>\n<\/div>\n\n<div class=\"wp-block-image\">\n<figure class=\"aligncenter size-large\"><img loading=\"lazy\" decoding=\"async\" width=\"1024\" height=\"307\" src=\"https:\/\/theatreagora.ca\/wp-content\/uploads\/2024\/05\/YELLOW-GREEN-3-1024x307.png\" alt=\"Logo of the Centre for Socially Engaged Theatre\" class=\"wp-image-4968\" srcset=\"https:\/\/theatreagora.ca\/wp-content\/uploads\/2024\/05\/YELLOW-GREEN-3-1024x307.png 1024w, https:\/\/theatreagora.ca\/wp-content\/uploads\/2024\/05\/YELLOW-GREEN-3-300x90.png 300w, https:\/\/theatreagora.ca\/wp-content\/uploads\/2024\/05\/YELLOW-GREEN-3-768x230.png 768w, https:\/\/theatreagora.ca\/wp-content\/uploads\/2024\/05\/YELLOW-GREEN-3-1536x460.png 1536w, https:\/\/theatreagora.ca\/wp-content\/uploads\/2024\/05\/YELLOW-GREEN-3-540x162.png 540w, https:\/\/theatreagora.ca\/wp-content\/uploads\/2024\/05\/YELLOW-GREEN-3-1080x323.png 1080w, https:\/\/theatreagora.ca\/wp-content\/uploads\/2024\/05\/YELLOW-GREEN-3.png 1764w\" sizes=\"auto, (max-width: 1024px) 100vw, 1024px\" \/><\/figure>\n<\/div>\n\n\n<figure class=\"wp-block-image size-large\"><img loading=\"lazy\" decoding=\"async\" width=\"1024\" height=\"1024\" src=\"https:\/\/theatreagora.ca\/wp-content\/uploads\/2024\/06\/universite-de-montreal-logo-png-transparent-1024x1024.png\" alt=\"\" class=\"wp-image-5612\" srcset=\"https:\/\/theatreagora.ca\/wp-content\/uploads\/2024\/06\/universite-de-montreal-logo-png-transparent-1024x1024.png 1024w, https:\/\/theatreagora.ca\/wp-content\/uploads\/2024\/06\/universite-de-montreal-logo-png-transparent-300x300.png 300w, https:\/\/theatreagora.ca\/wp-content\/uploads\/2024\/06\/universite-de-montreal-logo-png-transparent-150x150.png 150w, https:\/\/theatreagora.ca\/wp-content\/uploads\/2024\/06\/universite-de-montreal-logo-png-transparent-768x768.png 768w, https:\/\/theatreagora.ca\/wp-content\/uploads\/2024\/06\/universite-de-montreal-logo-png-transparent-1536x1536.png 1536w, https:\/\/theatreagora.ca\/wp-content\/uploads\/2024\/06\/universite-de-montreal-logo-png-transparent-2048x2048.png 2048w, https:\/\/theatreagora.ca\/wp-content\/uploads\/2024\/06\/universite-de-montreal-logo-png-transparent-540x540.png 540w, https:\/\/theatreagora.ca\/wp-content\/uploads\/2024\/06\/universite-de-montreal-logo-png-transparent-1080x1080.png 1080w, https:\/\/theatreagora.ca\/wp-content\/uploads\/2024\/06\/universite-de-montreal-logo-png-transparent-1980x1980.png 1980w\" sizes=\"auto, (max-width: 1024px) 100vw, 1024px\" \/><\/figure>\n\n\n\n<p><strong>D\u00e9partement de litt\u00e9ratures et de langues du monde\/Department of Literatures and Languages of the World &#8211; Universit\u00e9 de Montr\u00e9al<\/strong><\/p>\n\n\n\n<h3 class=\"wp-block-heading alignwide has-text-align-center\"><span class=\"ez-toc-section\" id=\"fondations-et-instituts\"><\/span>Fondations et Instituts<span class=\"ez-toc-section-end\"><\/span><\/h3>\n\n\n\n<p><span style=\"caret-color: rgb(32, 33, 36); color: rgb(32, 33, 36); font-family: inherit; font-size: 28px;\"><strong> Le CATR reconna\u00eet le soutien du Secr\u00e9tariat du Qu\u00e9bec aux relations canadiennes (SQRC) du gouvernement du Qu\u00e9bec<\/strong><\/span><\/p>\n\n\n\n<figure class=\"wp-block-image size-full\"><img loading=\"lazy\" decoding=\"async\" width=\"870\" height=\"252\" src=\"https:\/\/theatreagora.ca\/wp-content\/uploads\/2024\/06\/SQRCi2c-1.png\" alt=\"\" class=\"wp-image-5959\" srcset=\"https:\/\/theatreagora.ca\/wp-content\/uploads\/2024\/06\/SQRCi2c-1.png 870w, https:\/\/theatreagora.ca\/wp-content\/uploads\/2024\/06\/SQRCi2c-1-300x87.png 300w, https:\/\/theatreagora.ca\/wp-content\/uploads\/2024\/06\/SQRCi2c-1-768x222.png 768w, https:\/\/theatreagora.ca\/wp-content\/uploads\/2024\/06\/SQRCi2c-1-540x156.png 540w\" sizes=\"auto, (max-width: 870px) 100vw, 870px\" \/><\/figure>\n\n\n<div class=\"wp-block-image\">\n<figure class=\"aligncenter size-large\"><img loading=\"lazy\" decoding=\"async\" width=\"1024\" height=\"576\" src=\"https:\/\/theatreagora.ca\/wp-content\/uploads\/2024\/05\/maxresdefault-1024x576.jpg\" alt=\"\" class=\"wp-image-4972\" srcset=\"https:\/\/theatreagora.ca\/wp-content\/uploads\/2024\/05\/maxresdefault-1024x576.jpg 1024w, https:\/\/theatreagora.ca\/wp-content\/uploads\/2024\/05\/maxresdefault-300x169.jpg 300w, https:\/\/theatreagora.ca\/wp-content\/uploads\/2024\/05\/maxresdefault-768x432.jpg 768w, https:\/\/theatreagora.ca\/wp-content\/uploads\/2024\/05\/maxresdefault-540x304.jpg 540w, https:\/\/theatreagora.ca\/wp-content\/uploads\/2024\/05\/maxresdefault-1080x608.jpg 1080w, https:\/\/theatreagora.ca\/wp-content\/uploads\/2024\/05\/maxresdefault.jpg 1280w\" sizes=\"auto, (max-width: 1024px) 100vw, 1024px\" \/><\/figure>\n<\/div>\n\n\n<figure class=\"wp-block-image size-large\"><img loading=\"lazy\" decoding=\"async\" width=\"1024\" height=\"536\" src=\"https:\/\/theatreagora.ca\/wp-content\/uploads\/2023\/06\/Cole_Foundation_-2-1024x536.jpg\" alt=\"Logo of the Cole Foundation\" class=\"wp-image-2695\" srcset=\"https:\/\/theatreagora.ca\/wp-content\/uploads\/2023\/06\/Cole_Foundation_-2-1024x536.jpg 1024w, https:\/\/theatreagora.ca\/wp-content\/uploads\/2023\/06\/Cole_Foundation_-2-300x157.jpg 300w, https:\/\/theatreagora.ca\/wp-content\/uploads\/2023\/06\/Cole_Foundation_-2-768x402.jpg 768w, https:\/\/theatreagora.ca\/wp-content\/uploads\/2023\/06\/Cole_Foundation_-2-1536x804.jpg 1536w, https:\/\/theatreagora.ca\/wp-content\/uploads\/2023\/06\/Cole_Foundation_-2-540x283.jpg 540w, https:\/\/theatreagora.ca\/wp-content\/uploads\/2023\/06\/Cole_Foundation_-2-1080x566.jpg 1080w, https:\/\/theatreagora.ca\/wp-content\/uploads\/2023\/06\/Cole_Foundation_-2.jpg 1562w\" sizes=\"auto, (max-width: 1024px) 100vw, 1024px\" \/><\/figure>\n\n\n\n<p><\/p>\n\n\n\n<h2 class=\"wp-block-heading has-text-align-center\" id=\"tw-target-text\"><span class=\"ez-toc-section\" id=\"commanditaires-presse\"><\/span>Commanditaires presse<span class=\"ez-toc-section-end\"><\/span><\/h2>\n\n\n<div class=\"wp-block-image\">\n<figure class=\"aligncenter size-medium\"><img loading=\"lazy\" decoding=\"async\" width=\"300\" height=\"61\" src=\"https:\/\/theatreagora.ca\/wp-content\/uploads\/2023\/05\/playwrightscanpress-300x61.jpg\" alt=\"\" class=\"wp-image-977\" srcset=\"https:\/\/theatreagora.ca\/wp-content\/uploads\/2023\/05\/playwrightscanpress-300x61.jpg 300w, https:\/\/theatreagora.ca\/wp-content\/uploads\/2023\/05\/playwrightscanpress.jpg 495w\" sizes=\"auto, (max-width: 300px) 100vw, 300px\" \/><\/figure>\n<\/div>\n\n<div class=\"wp-block-image\">\n<figure class=\"aligncenter size-full\"><img loading=\"lazy\" decoding=\"async\" width=\"300\" height=\"75\" src=\"https:\/\/theatreagora.ca\/wp-content\/uploads\/2023\/05\/Talonbooks.png\" alt=\"The logo for Talonbooks, a stylized capital letter T overtop of a stylized lower case t\" class=\"wp-image-1049\"\/><\/figure>\n<\/div>\n\n<div class=\"wp-block-image\">\n<figure class=\"aligncenter size-large\"><img loading=\"lazy\" decoding=\"async\" width=\"1024\" height=\"227\" src=\"https:\/\/theatreagora.ca\/wp-content\/uploads\/2023\/05\/UTP-Journals-Logo-1024x227.png\" alt=\"Logo for the University of Toronto Press Journals\" class=\"wp-image-1405\" srcset=\"https:\/\/theatreagora.ca\/wp-content\/uploads\/2023\/05\/UTP-Journals-Logo-1024x227.png 1024w, https:\/\/theatreagora.ca\/wp-content\/uploads\/2023\/05\/UTP-Journals-Logo-300x66.png 300w, https:\/\/theatreagora.ca\/wp-content\/uploads\/2023\/05\/UTP-Journals-Logo-768x170.png 768w, https:\/\/theatreagora.ca\/wp-content\/uploads\/2023\/05\/UTP-Journals-Logo-1536x340.png 1536w, https:\/\/theatreagora.ca\/wp-content\/uploads\/2023\/05\/UTP-Journals-Logo-2048x453.png 2048w, https:\/\/theatreagora.ca\/wp-content\/uploads\/2023\/05\/UTP-Journals-Logo-540x120.png 540w, https:\/\/theatreagora.ca\/wp-content\/uploads\/2023\/05\/UTP-Journals-Logo-1080x239.png 1080w, https:\/\/theatreagora.ca\/wp-content\/uploads\/2023\/05\/UTP-Journals-Logo-1980x438.png 1980w\" sizes=\"auto, (max-width: 1024px) 100vw, 1024px\" \/><\/figure>\n<\/div>\n\n\n<p><\/p>\n\n\n\n<p class=\"has-text-align-center\" id=\"tw-target-text\"><strong>Commanditaires principaux<\/strong><\/p>\n\n\n\n<p>University of Toronto, Centre for Drama, Theatre and Performance Studies<\/p>\n\n\n\n<p>University of British Columbia, Department of Theatre and Film<\/p>\n\n\n\n<p><\/p>\n\n\n\n<p class=\"has-text-align-center\"><strong>Commanditaires majeures<\/strong><\/p>\n\n\n\n<p>Dalhousie University, Fountain School of Performing Arts<\/p>\n\n\n\n<p><\/p>\n\n\n\n<p class=\"has-text-align-center\"><strong>Commanditaires associ\u00e9s<\/strong><\/p>\n\n\n\n<p>University of Ottawa, Department of Theatre<\/p>\n\n\n\n<p>York University, Department of Theatre<\/p>\n\n\n\n<p>University of Victoria, Department of Theatre<\/p>\n\n\n\n<p>University of Manitoba, Department of English, Theatre, Film &amp; Media<\/p>\n\n\n\n<p>University of Lethbridge, Faculty of Fine Arts<\/p>\n\n\n\n<p>University of Alberta, Department of Drama<\/p>\n\n\n\n<p><\/p>\n\n\n\n<p class=\"has-text-align-center\"><strong>Commanditaires contributeurs<\/strong><\/p>\n\n\n\n<p>Simon Fraser, School of Contemporary Arts<\/p>\n\n\n\n<p>Carleton University, Department of English Language and Literature<\/p>\n\n\n\n<p>University of Regina, Department of Theatre<\/p>\n\n\n\n<p>University of Saskatchewan, Department of Drama<\/p>\n\n\n\n<p>University of Windsor, School of Dramatic Art<\/p>\n\n\n\n<p>University of Winnipeg, Department of Theatre and Film<\/p>\n\n\n\n<p><\/p>\n\n\n\n<p class=\"has-text-align-center\"><strong>TheatreAgora Project Funding<\/strong><\/p>\n\n\n\n<div class=\"wp-block-uagb-image aligncenter uagb-block-2143c44d wp-block-uagb-image--layout-default wp-block-uagb-image--effect-static wp-block-uagb-image--align-center\"><figure class=\"wp-block-uagb-image__figure\"><img decoding=\"async\"  sizes=\"auto, (max-width: 480px) 150px\" src=\"https:\/\/theatreagora.ca\/wp-content\/uploads\/2022\/11\/canada-council-400x74-1.png\" alt=\"Logo of the Canada Council for the Arts\" width=\"400\" height=\"74\" title=\"\" loading=\"lazy\" role=\"img\"\/><\/figure><\/div>\n\n\n\n<p><\/p>\n\n\n\n<p><\/p>\n\n\n\n<p><\/p>\n\n\n\n<p><\/p>\n\n\n\n<p><\/p>\n\n\n\n<p><\/p>\n\n\n\n<p><\/p>\n\n\n\n<figure class=\"wp-block-image size-full\"><img loading=\"lazy\" decoding=\"async\" width=\"20\" height=\"20\" src=\"https:\/\/theatreagora.ca\/wp-content\/uploads\/2024\/05\/image-4.png\" alt=\"\" class=\"wp-image-4993\"\/><\/figure>\n","protected":false},"excerpt":{"rendered":"<p>Le colloque de l&#8217;ACRT 2024 ne serait pas possible sans le g\u00e9n\u00e9reux soutien des donateurs suivants&nbsp;: H\u00f4tes de colloque D\u00e9partement de litt\u00e9ratures et de langues du monde\/Department of&hellip;<\/p>\n","protected":false},"author":9,"featured_media":0,"parent":0,"menu_order":0,"comment_status":"closed","ping_status":"closed","template":"template-only-content.php","meta":{"_acf_changed":false,"_uag_custom_page_level_css":"","_monsterinsights_skip_tracking":false,"_monsterinsights_sitenote_active":false,"_monsterinsights_sitenote_note":"","_monsterinsights_sitenote_category":0,"footnotes":""},"class_list":["post-4985","page","type-page","status-publish","has-post-thumbnail","hentry"],"acf":[],"yoast_head":"<!-- This site is optimized with the Yoast SEO plugin v27.4 - https:\/\/yoast.com\/product\/yoast-seo-wordpress\/ -->\n<title>Supporters de Colloque de l&#039;ACRT 2024 - TheatreAgora.ca<\/title>\n<meta name=\"robots\" content=\"index, follow, max-snippet:-1, max-image-preview:large, max-video-preview:-1\" \/>\n<link rel=\"canonical\" href=\"https:\/\/theatreagora.ca\/fr\/colloque-de-lacrt-2024-2\/\" \/>\n<meta property=\"og:locale\" content=\"fr_FR\" \/>\n<meta property=\"og:type\" content=\"article\" \/>\n<meta property=\"og:title\" content=\"Supporters de Colloque de l&#039;ACRT 2024 - TheatreAgora.ca\" \/>\n<meta property=\"og:description\" content=\"Le colloque de l&#8217;ACRT 2024 ne serait pas possible sans le g\u00e9n\u00e9reux soutien des donateurs suivants&nbsp;: H\u00f4tes de colloque D\u00e9partement de litt\u00e9ratures et de langues du monde\/Department of&hellip;\" \/>\n<meta property=\"og:url\" content=\"https:\/\/theatreagora.ca\/fr\/colloque-de-lacrt-2024-2\/\" \/>\n<meta property=\"og:site_name\" content=\"TheatreAgora.ca\" \/>\n<meta property=\"article:modified_time\" content=\"2024-06-25T23:40:25+00:00\" \/>\n<meta property=\"og:image\" content=\"https:\/\/theatreagora.ca\/wp-content\/uploads\/2024\/05\/concordia-university6864.jpg\" \/>\n<meta name=\"twitter:card\" content=\"summary_large_image\" \/>\n<meta name=\"twitter:label1\" content=\"Dur\u00e9e de lecture estim\u00e9e\" \/>\n\t<meta name=\"twitter:data1\" content=\"3 minutes\" \/>\n<script type=\"application\/ld+json\" class=\"yoast-schema-graph\">{\"@context\":\"https:\\\/\\\/schema.org\",\"@graph\":[{\"@type\":\"WebPage\",\"@id\":\"https:\\\/\\\/theatreagora.ca\\\/fr\\\/colloque-de-lacrt-2024-2\\\/\",\"url\":\"https:\\\/\\\/theatreagora.ca\\\/fr\\\/colloque-de-lacrt-2024-2\\\/\",\"name\":\"Supporters de Colloque de l'ACRT 2024 - TheatreAgora.ca\",\"isPartOf\":{\"@id\":\"https:\\\/\\\/theatreagora.ca\\\/#website\"},\"primaryImageOfPage\":{\"@id\":\"https:\\\/\\\/theatreagora.ca\\\/fr\\\/colloque-de-lacrt-2024-2\\\/#primaryimage\"},\"image\":{\"@id\":\"https:\\\/\\\/theatreagora.ca\\\/fr\\\/colloque-de-lacrt-2024-2\\\/#primaryimage\"},\"thumbnailUrl\":\"https:\\\/\\\/theatreagora.ca\\\/wp-content\\\/uploads\\\/2024\\\/05\\\/concordia-university6864.jpg\",\"datePublished\":\"2024-05-21T00:02:02+00:00\",\"dateModified\":\"2024-06-25T23:40:25+00:00\",\"breadcrumb\":{\"@id\":\"https:\\\/\\\/theatreagora.ca\\\/fr\\\/colloque-de-lacrt-2024-2\\\/#breadcrumb\"},\"inLanguage\":\"fr-FR\",\"potentialAction\":[{\"@type\":\"ReadAction\",\"target\":[\"https:\\\/\\\/theatreagora.ca\\\/fr\\\/colloque-de-lacrt-2024-2\\\/\"]}]},{\"@type\":\"ImageObject\",\"inLanguage\":\"fr-FR\",\"@id\":\"https:\\\/\\\/theatreagora.ca\\\/fr\\\/colloque-de-lacrt-2024-2\\\/#primaryimage\",\"url\":\"https:\\\/\\\/theatreagora.ca\\\/wp-content\\\/uploads\\\/2024\\\/05\\\/concordia-university6864.jpg\",\"contentUrl\":\"https:\\\/\\\/theatreagora.ca\\\/wp-content\\\/uploads\\\/2024\\\/05\\\/concordia-university6864.jpg\"},{\"@type\":\"BreadcrumbList\",\"@id\":\"https:\\\/\\\/theatreagora.ca\\\/fr\\\/colloque-de-lacrt-2024-2\\\/#breadcrumb\",\"itemListElement\":[{\"@type\":\"ListItem\",\"position\":1,\"name\":\"Home\",\"item\":\"https:\\\/\\\/theatreagora.ca\\\/fr\\\/\"},{\"@type\":\"ListItem\",\"position\":2,\"name\":\"Supporters de Colloque de l&#8217;ACRT 2024\"}]},{\"@type\":\"WebSite\",\"@id\":\"https:\\\/\\\/theatreagora.ca\\\/#website\",\"url\":\"https:\\\/\\\/theatreagora.ca\\\/\",\"name\":\"TheatreAgora.ca\",\"description\":\"the online meeting place of CATR and SQET |\u00a0le lieu de rencontre en ligne de la SQET et de l\u2019ACRT\",\"publisher\":{\"@id\":\"https:\\\/\\\/theatreagora.ca\\\/#organization\"},\"potentialAction\":[{\"@type\":\"SearchAction\",\"target\":{\"@type\":\"EntryPoint\",\"urlTemplate\":\"https:\\\/\\\/theatreagora.ca\\\/?s={search_term_string}\"},\"query-input\":{\"@type\":\"PropertyValueSpecification\",\"valueRequired\":true,\"valueName\":\"search_term_string\"}}],\"inLanguage\":\"fr-FR\"},{\"@type\":\"Organization\",\"@id\":\"https:\\\/\\\/theatreagora.ca\\\/#organization\",\"name\":\"TheatreAgora.ca\",\"url\":\"https:\\\/\\\/theatreagora.ca\\\/\",\"logo\":{\"@type\":\"ImageObject\",\"inLanguage\":\"fr-FR\",\"@id\":\"https:\\\/\\\/theatreagora.ca\\\/#\\\/schema\\\/logo\\\/image\\\/\",\"url\":\"https:\\\/\\\/theatreagora.ca\\\/wp-content\\\/uploads\\\/2024\\\/11\\\/cropped-TA_Logo.png\",\"contentUrl\":\"https:\\\/\\\/theatreagora.ca\\\/wp-content\\\/uploads\\\/2024\\\/11\\\/cropped-TA_Logo.png\",\"width\":2043,\"height\":517,\"caption\":\"TheatreAgora.ca\"},\"image\":{\"@id\":\"https:\\\/\\\/theatreagora.ca\\\/#\\\/schema\\\/logo\\\/image\\\/\"}}]}<\/script>\n<!-- \/ Yoast SEO plugin. -->","yoast_head_json":{"title":"Supporters de Colloque de l'ACRT 2024 - TheatreAgora.ca","robots":{"index":"index","follow":"follow","max-snippet":"max-snippet:-1","max-image-preview":"max-image-preview:large","max-video-preview":"max-video-preview:-1"},"canonical":"https:\/\/theatreagora.ca\/fr\/colloque-de-lacrt-2024-2\/","og_locale":"fr_FR","og_type":"article","og_title":"Supporters de Colloque de l'ACRT 2024 - TheatreAgora.ca","og_description":"Le colloque de l&#8217;ACRT 2024 ne serait pas possible sans le g\u00e9n\u00e9reux soutien des donateurs suivants&nbsp;: H\u00f4tes de colloque D\u00e9partement de litt\u00e9ratures et de langues du monde\/Department of&hellip;","og_url":"https:\/\/theatreagora.ca\/fr\/colloque-de-lacrt-2024-2\/","og_site_name":"TheatreAgora.ca","article_modified_time":"2024-06-25T23:40:25+00:00","og_image":[{"url":"https:\/\/theatreagora.ca\/wp-content\/uploads\/2024\/05\/concordia-university6864.jpg","type":"","width":"","height":""}],"twitter_card":"summary_large_image","twitter_misc":{"Dur\u00e9e de lecture estim\u00e9e":"3 minutes"},"schema":{"@context":"https:\/\/schema.org","@graph":[{"@type":"WebPage","@id":"https:\/\/theatreagora.ca\/fr\/colloque-de-lacrt-2024-2\/","url":"https:\/\/theatreagora.ca\/fr\/colloque-de-lacrt-2024-2\/","name":"Supporters de Colloque de l'ACRT 2024 - TheatreAgora.ca","isPartOf":{"@id":"https:\/\/theatreagora.ca\/#website"},"primaryImageOfPage":{"@id":"https:\/\/theatreagora.ca\/fr\/colloque-de-lacrt-2024-2\/#primaryimage"},"image":{"@id":"https:\/\/theatreagora.ca\/fr\/colloque-de-lacrt-2024-2\/#primaryimage"},"thumbnailUrl":"https:\/\/theatreagora.ca\/wp-content\/uploads\/2024\/05\/concordia-university6864.jpg","datePublished":"2024-05-21T00:02:02+00:00","dateModified":"2024-06-25T23:40:25+00:00","breadcrumb":{"@id":"https:\/\/theatreagora.ca\/fr\/colloque-de-lacrt-2024-2\/#breadcrumb"},"inLanguage":"fr-FR","potentialAction":[{"@type":"ReadAction","target":["https:\/\/theatreagora.ca\/fr\/colloque-de-lacrt-2024-2\/"]}]},{"@type":"ImageObject","inLanguage":"fr-FR","@id":"https:\/\/theatreagora.ca\/fr\/colloque-de-lacrt-2024-2\/#primaryimage","url":"https:\/\/theatreagora.ca\/wp-content\/uploads\/2024\/05\/concordia-university6864.jpg","contentUrl":"https:\/\/theatreagora.ca\/wp-content\/uploads\/2024\/05\/concordia-university6864.jpg"},{"@type":"BreadcrumbList","@id":"https:\/\/theatreagora.ca\/fr\/colloque-de-lacrt-2024-2\/#breadcrumb","itemListElement":[{"@type":"ListItem","position":1,"name":"Home","item":"https:\/\/theatreagora.ca\/fr\/"},{"@type":"ListItem","position":2,"name":"Supporters de Colloque de l&#8217;ACRT 2024"}]},{"@type":"WebSite","@id":"https:\/\/theatreagora.ca\/#website","url":"https:\/\/theatreagora.ca\/","name":"TheatreAgora.ca","description":"the online meeting place of CATR and SQET |\u00a0le lieu de rencontre en ligne de la SQET et de l\u2019ACRT","publisher":{"@id":"https:\/\/theatreagora.ca\/#organization"},"potentialAction":[{"@type":"SearchAction","target":{"@type":"EntryPoint","urlTemplate":"https:\/\/theatreagora.ca\/?s={search_term_string}"},"query-input":{"@type":"PropertyValueSpecification","valueRequired":true,"valueName":"search_term_string"}}],"inLanguage":"fr-FR"},{"@type":"Organization","@id":"https:\/\/theatreagora.ca\/#organization","name":"TheatreAgora.ca","url":"https:\/\/theatreagora.ca\/","logo":{"@type":"ImageObject","inLanguage":"fr-FR","@id":"https:\/\/theatreagora.ca\/#\/schema\/logo\/image\/","url":"https:\/\/theatreagora.ca\/wp-content\/uploads\/2024\/11\/cropped-TA_Logo.png","contentUrl":"https:\/\/theatreagora.ca\/wp-content\/uploads\/2024\/11\/cropped-TA_Logo.png","width":2043,"height":517,"caption":"TheatreAgora.ca"},"image":{"@id":"https:\/\/theatreagora.ca\/#\/schema\/logo\/image\/"}}]}},"uagb_featured_image_src":{"full":false,"thumbnail":false,"medium":false,"medium_large":false,"large":false,"1536x1536":false,"2048x2048":false,"post-thumbnail":false,"chaplin_preview_image_low_resolution":false,"chaplin_preview_image_high_resolution":false,"chaplin_fullscreen":false},"uagb_author_info":{"display_name":"Dave Degrow","author_link":"https:\/\/theatreagora.ca\/fr\/author\/ddegrow\/"},"uagb_comment_info":0,"uagb_excerpt":"Le colloque de l&#8217;ACRT 2024 ne serait pas possible sans le g\u00e9n\u00e9reux soutien des donateurs suivants&nbsp;: H\u00f4tes de colloque D\u00e9partement de litt\u00e9ratures et de langues du monde\/Department of&hellip;","_links":{"self":[{"href":"https:\/\/theatreagora.ca\/fr\/wp-json\/wp\/v2\/pages\/4985","targetHints":{"allow":["GET"]}}],"collection":[{"href":"https:\/\/theatreagora.ca\/fr\/wp-json\/wp\/v2\/pages"}],"about":[{"href":"https:\/\/theatreagora.ca\/fr\/wp-json\/wp\/v2\/types\/page"}],"author":[{"embeddable":true,"href":"https:\/\/theatreagora.ca\/fr\/wp-json\/wp\/v2\/users\/9"}],"replies":[{"embeddable":true,"href":"https:\/\/theatreagora.ca\/fr\/wp-json\/wp\/v2\/comments?post=4985"}],"version-history":[{"count":14,"href":"https:\/\/theatreagora.ca\/fr\/wp-json\/wp\/v2\/pages\/4985\/revisions"}],"predecessor-version":[{"id":5962,"href":"https:\/\/theatreagora.ca\/fr\/wp-json\/wp\/v2\/pages\/4985\/revisions\/5962"}],"wp:attachment":[{"href":"https:\/\/theatreagora.ca\/fr\/wp-json\/wp\/v2\/media?parent=4985"}],"curies":[{"name":"wp","href":"https:\/\/api.w.org\/{rel}","templated":true}]}}