{"id":6385,"date":"2025-05-20T11:34:40","date_gmt":"2025-05-20T11:34:40","guid":{"rendered":"https:\/\/theatreagora.ca\/?page_id=6385"},"modified":"2025-05-29T13:41:28","modified_gmt":"2025-05-29T13:41:28","slug":"colloque-de-lacrt-2025","status":"publish","type":"page","link":"https:\/\/theatreagora.ca\/fr\/colloque-de-lacrt-2025\/","title":{"rendered":"Colloque de l\u2019ACRT 2025"},"content":{"rendered":"\n<div class=\"wp-block-uagb-image uagb-block-ff358c5f wp-block-uagb-image--layout-default wp-block-uagb-image--effect-static wp-block-uagb-image--align-none\"><figure class=\"wp-block-uagb-image__figure\"><img decoding=\"async\" srcset=\"https:\/\/theatreagora.ca\/wp-content\/uploads\/2025\/05\/CATR-2025-4-1024x924.jpg ,https:\/\/theatreagora.ca\/wp-content\/uploads\/2025\/05\/CATR-2025-4-scaled.jpg 780w, https:\/\/theatreagora.ca\/wp-content\/uploads\/2025\/05\/CATR-2025-4-scaled.jpg 360w\" sizes=\"auto, (max-width: 480px) 150px\" src=\"https:\/\/theatreagora.ca\/wp-content\/uploads\/2025\/05\/CATR-2025-4-1024x924.jpg\" alt=\"\" class=\"uag-image-7615\" width=\"1024\" height=\"924\" title=\"Screenshot\" loading=\"lazy\" role=\"img\"\/><\/figure><\/div>\n\n\n\n<div class=\"wp-block-columns is-layout-flex wp-container-core-columns-is-layout-9d6595d7 wp-block-columns-is-layout-flex\">\n<div class=\"wp-block-column is-layout-flow wp-block-column-is-layout-flow\">\n<p class=\"has-text-align-center\"><strong><strong>\u00ab\u2009<strong>De L\u2019Int\u00e9riorit\u00e9<\/strong>\u2009\u00bb<br>En Ligne, 26-27 Mai &amp; <br>En Personne (Hotel Atlas et <strong>Universit\u00e9<\/strong><\/strong> <strong>de Regina), 25-28 Juin<\/strong><\/strong><\/p>\n\n\n\n<p><\/p>\n<\/div>\n<\/div>\n\n\n\n<div class=\"wp-block-uagb-buttons uagb-buttons__outer-wrap uagb-btn__default-btn uagb-btn-tablet__default-btn uagb-btn-mobile__default-btn uagb-block-351a8368\"><div class=\"uagb-buttons__wrap uagb-buttons-layout-wrap \">\n<div class=\"wp-block-uagb-buttons-child uagb-buttons__outer-wrap uagb-block-b564fc75 wp-block-button\"><div class=\"uagb-button__wrapper\"><a class=\"uagb-buttons-repeater wp-block-button__link\" aria-label=\"\" href=\"https:\/\/theatreagora.ca\/fr\/colloque-de-lacrt-2025-horaire\/\" rel=\"follow noopener\" target=\"_blank\" role=\"button\"><div class=\"uagb-button__link\">Cliquez ici pour consulter le programme du colloque, les r\u00e9sum\u00e9s et les liens Zoom<\/div><span class=\"uagb-button__icon uagb-button__icon-position-after\"><svg xmlns=\"https:\/\/www.w3.org\/2000\/svg\" viewBox=\"0 0 448 512\" aria-hidden=\"true\" focussable=\"false\"><path d=\"M438.6 278.6l-160 160C272.4 444.9 264.2 448 256 448s-16.38-3.125-22.62-9.375c-12.5-12.5-12.5-32.75 0-45.25L338.8 288H32C14.33 288 .0016 273.7 .0016 256S14.33 224 32 224h306.8l-105.4-105.4c-12.5-12.5-12.5-32.75 0-45.25s32.75-12.5 45.25 0l160 160C451.1 245.9 451.1 266.1 438.6 278.6z\"><\/path><\/svg><\/span><\/a><\/div><\/div>\n<\/div><\/div>\n\n\n\n<p><\/p>\n\n\n\n<div class=\"wp-block-uagb-buttons uagb-buttons__outer-wrap uagb-btn__default-btn uagb-btn-tablet__default-btn uagb-btn-mobile__default-btn uagb-block-b437687e\"><div class=\"uagb-buttons__wrap uagb-buttons-layout-wrap \">\n<div class=\"wp-block-uagb-buttons-child uagb-buttons__outer-wrap uagb-block-1ac65217 wp-block-button\"><div class=\"uagb-button__wrapper\"><a class=\"uagb-buttons-repeater wp-block-button__link\" aria-label=\"\" href=\"https:\/\/theatreagora.ca\/2025\/05\/14\/catr-2025-updated-conference-program\/\" rel=\"follow noopener\" target=\"_blank\" role=\"button\"><div class=\"uagb-button__link\">Cliquez ici pour t\u00e9l\u00e9charger le programme<\/div><\/a><\/div><\/div>\n<\/div><\/div>\n\n\n\n<p><a href=\"http:\/\/theatreagora.ca\/wp-content\/uploads\/2024\/04\/CATR-2024-Presidents-Welcome-for-Program.pdf\" target=\"_blank\" rel=\"noreferrer noopener\">Cliquez ici pour lire une note de bienvenue du pr\u00e9sident de l&#8217;ACRT, Robin Whittaker.<\/a><\/p>\n\n\n\n<p><\/p>\n\n\n\n<h3 class=\"wp-block-heading has-text-align-center\"><span class=\"ez-toc-section\" id=\"programmes-des-colloques\"><\/span><strong>Programmes des colloques<\/strong><span class=\"ez-toc-section-end\"><\/span><\/h3>\n\n\n\n<p>Les programmes sont maintenant disponibles (en anglais seulement, d\u00e9sol\u00e9) pour le colloque en ligne (26-27 mai) et le colloque en personne (25-28 juin).<\/p>\n\n\n\n<p><\/p>\n\n\n\n<h3 class=\"wp-block-heading has-text-align-center\"><span class=\"ez-toc-section\" id=\"moderateurs-et-accessibilite\"><\/span><strong>Mod\u00e9rateurs et Accessibilit\u00e9<\/strong><span class=\"ez-toc-section-end\"><\/span><\/h3>\n\n\n\n<p><a href=\"https:\/\/theatreagora.ca\/wp-content\/uploads\/2023\/06\/How-To-Make-Your-Conference-Presentation-More-Accessible-2023_Final_UPDATED_JM.docx\" target=\"_blank\" rel=\"noreferrer noopener\">Comment rendre votre pr\u00e9sentation accessible<\/a><\/p>\n\n\n\n<p><a href=\"https:\/\/theatreagora.ca\/wp-content\/uploads\/2023\/06\/How-to-Share-Your-Online-Access-Paper_V.2.docx\" target=\"_blank\" rel=\"noreferrer noopener\">Comment partager vos communications en ligne<\/a><\/p>\n\n\n\n<p><a href=\"https:\/\/theatreagora.ca\/wp-content\/uploads\/2023\/06\/Moderator-Guidelines-2023.docx\" target=\"_blank\" rel=\"noreferrer noopener\">Conseils pour les mod\u00e9rateurs<\/a><\/p>\n\n\n\n<p>Pour suivre la traduction anglais-fran\u00e7ais durant les s\u00e9ances pl\u00e9ni\u00e8res, veuillez utiliser le lien suivant:&nbsp;<\/p>\n\n\n\n<p><\/p>\n\n\n\n<h3 class=\"wp-block-heading has-text-align-center\"><span class=\"ez-toc-section\" id=\"rappel-dinscription\"><\/span><strong>Rappel d&#8217;inscription<\/strong><span class=\"ez-toc-section-end\"><\/span><\/h3>\n\n\n\n<p>Nous vous rappelons que tous les participants \u00e0 l\u2019ACRT 2025 (en ligne et en personne) doivent \u00eatre membres de l\u2019ACRT et doivent s\u2019\u00eatre inscrits au colloque avant d\u2019y assister! Veuillez vous joindre \u00e0 l\u2019ACRT et vous inscrire au colloque d\u00e8s que possible. Cela garantira que tout est bien mis en place pour vous avant le colloque.<\/p>\n\n\n\n<p><a href=\"https:\/\/www.zeffy.com\/ticketing\/canadian-association-for-theatre-researchassociation-canadienne-de-la-recherche-theatrale-memberships--2025\" target=\"_blank\" rel=\"noreferrer noopener\">Portail d\u2019inscription<\/a><\/p>\n\n\n\n<p><a href=\"https:\/\/www.zeffy.com\/ticketing\/catr-2025-act-ii-in-person\" target=\"_blank\" rel=\"noreferrer noopener\">Portail d\u2019inscription<\/a> &#8211; Act II<\/p>\n\n\n\n<p><\/p>\n\n\n\n<h3 class=\"wp-block-heading has-text-align-center\"><span class=\"ez-toc-section\" id=\"medias-sociaux\"><\/span><strong>M\u00e9dias sociaux<\/strong><span class=\"ez-toc-section-end\"><\/span><\/h3>\n\n\n\n<p>Restez en contact avec nous sur les m\u00e9dias sociaux\u2009! Nous aimerions que vous soyez de la conversation sur les comptes<a href=\"https:\/\/can01.safelinks.protection.outlook.com\/?url=https%3A%2F%2Fsquarespace.us10.list-manage.com%2Ftrack%2Fclick%3Fu%3D71890148474694baaaa8eddaf%26id%3D4529367b35%26e%3D6eef4e4966&amp;data=05%7C01%7Cgio.diokno%40mail.utoronto.ca%7Cd3f8452285944ea7961f08db3b7040e1%7C78aac2262f034b4d9037b46d56c55210%7C0%7C0%7C638169127194833252%7CUnknown%7CTWFpbGZsb3d8eyJWIjoiMC4wLjAwMDAiLCJQIjoiV2luMzIiLCJBTiI6Ik1haWwiLCJXVCI6Mn0%3D%7C3000%7C%7C%7C&amp;sdata=6IioTFixHEPfeMcif92CN%2F2MtL%2BmlcK847ynYegx7U8%3D&amp;reserved=0\" target=\"_blank\" rel=\"noreferrer noopener\">&nbsp;Twitter<\/a>&nbsp;et&nbsp;<a href=\"https:\/\/can01.safelinks.protection.outlook.com\/?url=https%3A%2F%2Fsquarespace.us10.list-manage.com%2Ftrack%2Fclick%3Fu%3D71890148474694baaaa8eddaf%26id%3D0afe1f364d%26e%3D6eef4e4966&amp;data=05%7C01%7Cgio.diokno%40mail.utoronto.ca%7Cd3f8452285944ea7961f08db3b7040e1%7C78aac2262f034b4d9037b46d56c55210%7C0%7C0%7C638169127194833252%7CUnknown%7CTWFpbGZsb3d8eyJWIjoiMC4wLjAwMDAiLCJQIjoiV2luMzIiLCJBTiI6Ik1haWwiLCJXVCI6Mn0%3D%7C3000%7C%7C%7C&amp;sdata=ShkwXO%2FljhpMUsJnSCAijUXUOlyPhsFnVkQPyhFJS0c%3D&amp;reserved=0\" target=\"_blank\" rel=\"noreferrer noopener\">Facebook<\/a>&nbsp;de l\u2019ACRT.<\/p>\n\n\n\n<h3 class=\"wp-block-heading has-text-align-center\"><span class=\"ez-toc-section\" id=\"reconnaissance-des-terres\"><\/span><strong>Reconnaissance des terres<\/strong><span class=\"ez-toc-section-end\"><\/span><\/h3>\n\n\n\n<p>Nous sommes honor\u00e9s de nous rassembler sur le territoire traditionnel des Kanien&#8217;keh\u00e0:ka, lieu de rencontre entre de nombreuses Premi\u00e8res Nations, dont les Kanien&#8217;keh\u00e1:ka de la Conf\u00e9d\u00e9ration Haudenosaunee, les Hurons\/Wendat, les Ab\u00e9naquis et les Anishinaabeg<\/p>\n","protected":false},"excerpt":{"rendered":"<p>\u00ab\u2009De L\u2019Int\u00e9riorit\u00e9\u2009\u00bbEn Ligne, 26-27 Mai &amp; En Personne (Hotel Atlas et Universit\u00e9 de Regina), 25-28 Juin Cliquez ici pour lire une note de bienvenue du pr\u00e9sident de l&#8217;ACRT,&hellip;<\/p>\n","protected":false},"author":9,"featured_media":0,"parent":0,"menu_order":0,"comment_status":"closed","ping_status":"closed","template":"","meta":{"_acf_changed":false,"_uag_custom_page_level_css":"","_monsterinsights_skip_tracking":false,"_monsterinsights_sitenote_active":false,"_monsterinsights_sitenote_note":"","_monsterinsights_sitenote_category":0,"footnotes":""},"class_list":["post-6385","page","type-page","status-publish","has-post-thumbnail","hentry"],"acf":[],"yoast_head":"<!-- This site is optimized with the Yoast SEO plugin v27.2 - https:\/\/yoast.com\/product\/yoast-seo-wordpress\/ -->\n<title>Colloque de l\u2019ACRT 2025 - TheatreAgora.ca<\/title>\n<meta name=\"robots\" content=\"index, follow, max-snippet:-1, max-image-preview:large, max-video-preview:-1\" \/>\n<link rel=\"canonical\" href=\"https:\/\/theatreagora.ca\/fr\/colloque-de-lacrt-2025\/\" \/>\n<meta property=\"og:locale\" content=\"fr_FR\" \/>\n<meta property=\"og:type\" content=\"article\" \/>\n<meta property=\"og:title\" content=\"Colloque de l\u2019ACRT 2025 - TheatreAgora.ca\" \/>\n<meta property=\"og:description\" content=\"\u00ab\u2009De L\u2019Int\u00e9riorit\u00e9\u2009\u00bbEn Ligne, 26-27 Mai &amp; En Personne (Hotel Atlas et Universit\u00e9 de Regina), 25-28 Juin Cliquez ici pour lire une note de bienvenue du pr\u00e9sident de l&#8217;ACRT,&hellip;\" \/>\n<meta property=\"og:url\" content=\"https:\/\/theatreagora.ca\/fr\/colloque-de-lacrt-2025\/\" \/>\n<meta property=\"og:site_name\" content=\"TheatreAgora.ca\" \/>\n<meta property=\"article:modified_time\" content=\"2025-05-29T13:41:28+00:00\" \/>\n<meta property=\"og:image\" content=\"https:\/\/theatreagora.ca\/wp-content\/uploads\/2025\/05\/CATR-2025-4-1024x924.jpg\" \/>\n<meta name=\"twitter:card\" content=\"summary_large_image\" \/>\n<meta name=\"twitter:label1\" content=\"Dur\u00e9e de lecture estim\u00e9e\" \/>\n\t<meta name=\"twitter:data1\" content=\"2 minutes\" \/>\n<script type=\"application\/ld+json\" class=\"yoast-schema-graph\">{\"@context\":\"https:\/\/schema.org\",\"@graph\":[{\"@type\":\"WebPage\",\"@id\":\"https:\/\/theatreagora.ca\/fr\/colloque-de-lacrt-2025\/\",\"url\":\"https:\/\/theatreagora.ca\/fr\/colloque-de-lacrt-2025\/\",\"name\":\"Colloque de l\u2019ACRT 2025 - TheatreAgora.ca\",\"isPartOf\":{\"@id\":\"https:\/\/theatreagora.ca\/#website\"},\"primaryImageOfPage\":{\"@id\":\"https:\/\/theatreagora.ca\/fr\/colloque-de-lacrt-2025\/#primaryimage\"},\"image\":{\"@id\":\"https:\/\/theatreagora.ca\/fr\/colloque-de-lacrt-2025\/#primaryimage\"},\"thumbnailUrl\":\"https:\/\/theatreagora.ca\/wp-content\/uploads\/2025\/05\/CATR-2025-4-1024x924.jpg\",\"datePublished\":\"2025-05-20T11:34:40+00:00\",\"dateModified\":\"2025-05-29T13:41:28+00:00\",\"breadcrumb\":{\"@id\":\"https:\/\/theatreagora.ca\/fr\/colloque-de-lacrt-2025\/#breadcrumb\"},\"inLanguage\":\"fr-FR\",\"potentialAction\":[{\"@type\":\"ReadAction\",\"target\":[\"https:\/\/theatreagora.ca\/fr\/colloque-de-lacrt-2025\/\"]}]},{\"@type\":\"ImageObject\",\"inLanguage\":\"fr-FR\",\"@id\":\"https:\/\/theatreagora.ca\/fr\/colloque-de-lacrt-2025\/#primaryimage\",\"url\":\"https:\/\/theatreagora.ca\/wp-content\/uploads\/2025\/05\/CATR-2025-4-1024x924.jpg\",\"contentUrl\":\"https:\/\/theatreagora.ca\/wp-content\/uploads\/2025\/05\/CATR-2025-4-1024x924.jpg\"},{\"@type\":\"BreadcrumbList\",\"@id\":\"https:\/\/theatreagora.ca\/fr\/colloque-de-lacrt-2025\/#breadcrumb\",\"itemListElement\":[{\"@type\":\"ListItem\",\"position\":1,\"name\":\"Home\",\"item\":\"https:\/\/theatreagora.ca\/fr\/\"},{\"@type\":\"ListItem\",\"position\":2,\"name\":\"Colloque de l\u2019ACRT 2025\"}]},{\"@type\":\"WebSite\",\"@id\":\"https:\/\/theatreagora.ca\/#website\",\"url\":\"https:\/\/theatreagora.ca\/\",\"name\":\"TheatreAgora.ca\",\"description\":\"the online meeting place of CATR and SQET |\u00a0le lieu de rencontre en ligne de la SQET et de l\u2019ACRT\",\"publisher\":{\"@id\":\"https:\/\/theatreagora.ca\/#organization\"},\"potentialAction\":[{\"@type\":\"SearchAction\",\"target\":{\"@type\":\"EntryPoint\",\"urlTemplate\":\"https:\/\/theatreagora.ca\/?s={search_term_string}\"},\"query-input\":{\"@type\":\"PropertyValueSpecification\",\"valueRequired\":true,\"valueName\":\"search_term_string\"}}],\"inLanguage\":\"fr-FR\"},{\"@type\":\"Organization\",\"@id\":\"https:\/\/theatreagora.ca\/#organization\",\"name\":\"TheatreAgora.ca\",\"url\":\"https:\/\/theatreagora.ca\/\",\"logo\":{\"@type\":\"ImageObject\",\"inLanguage\":\"fr-FR\",\"@id\":\"https:\/\/theatreagora.ca\/#\/schema\/logo\/image\/\",\"url\":\"https:\/\/theatreagora.ca\/wp-content\/uploads\/2024\/11\/cropped-TA_Logo.png\",\"contentUrl\":\"https:\/\/theatreagora.ca\/wp-content\/uploads\/2024\/11\/cropped-TA_Logo.png\",\"width\":2043,\"height\":517,\"caption\":\"TheatreAgora.ca\"},\"image\":{\"@id\":\"https:\/\/theatreagora.ca\/#\/schema\/logo\/image\/\"}}]}<\/script>\n<!-- \/ Yoast SEO plugin. -->","yoast_head_json":{"title":"Colloque de l\u2019ACRT 2025 - TheatreAgora.ca","robots":{"index":"index","follow":"follow","max-snippet":"max-snippet:-1","max-image-preview":"max-image-preview:large","max-video-preview":"max-video-preview:-1"},"canonical":"https:\/\/theatreagora.ca\/fr\/colloque-de-lacrt-2025\/","og_locale":"fr_FR","og_type":"article","og_title":"Colloque de l\u2019ACRT 2025 - TheatreAgora.ca","og_description":"\u00ab\u2009De L\u2019Int\u00e9riorit\u00e9\u2009\u00bbEn Ligne, 26-27 Mai &amp; En Personne (Hotel Atlas et Universit\u00e9 de Regina), 25-28 Juin Cliquez ici pour lire une note de bienvenue du pr\u00e9sident de l&#8217;ACRT,&hellip;","og_url":"https:\/\/theatreagora.ca\/fr\/colloque-de-lacrt-2025\/","og_site_name":"TheatreAgora.ca","article_modified_time":"2025-05-29T13:41:28+00:00","og_image":[{"url":"https:\/\/theatreagora.ca\/wp-content\/uploads\/2025\/05\/CATR-2025-4-1024x924.jpg","type":"","width":"","height":""}],"twitter_card":"summary_large_image","twitter_misc":{"Dur\u00e9e de lecture estim\u00e9e":"2 minutes"},"schema":{"@context":"https:\/\/schema.org","@graph":[{"@type":"WebPage","@id":"https:\/\/theatreagora.ca\/fr\/colloque-de-lacrt-2025\/","url":"https:\/\/theatreagora.ca\/fr\/colloque-de-lacrt-2025\/","name":"Colloque de l\u2019ACRT 2025 - TheatreAgora.ca","isPartOf":{"@id":"https:\/\/theatreagora.ca\/#website"},"primaryImageOfPage":{"@id":"https:\/\/theatreagora.ca\/fr\/colloque-de-lacrt-2025\/#primaryimage"},"image":{"@id":"https:\/\/theatreagora.ca\/fr\/colloque-de-lacrt-2025\/#primaryimage"},"thumbnailUrl":"https:\/\/theatreagora.ca\/wp-content\/uploads\/2025\/05\/CATR-2025-4-1024x924.jpg","datePublished":"2025-05-20T11:34:40+00:00","dateModified":"2025-05-29T13:41:28+00:00","breadcrumb":{"@id":"https:\/\/theatreagora.ca\/fr\/colloque-de-lacrt-2025\/#breadcrumb"},"inLanguage":"fr-FR","potentialAction":[{"@type":"ReadAction","target":["https:\/\/theatreagora.ca\/fr\/colloque-de-lacrt-2025\/"]}]},{"@type":"ImageObject","inLanguage":"fr-FR","@id":"https:\/\/theatreagora.ca\/fr\/colloque-de-lacrt-2025\/#primaryimage","url":"https:\/\/theatreagora.ca\/wp-content\/uploads\/2025\/05\/CATR-2025-4-1024x924.jpg","contentUrl":"https:\/\/theatreagora.ca\/wp-content\/uploads\/2025\/05\/CATR-2025-4-1024x924.jpg"},{"@type":"BreadcrumbList","@id":"https:\/\/theatreagora.ca\/fr\/colloque-de-lacrt-2025\/#breadcrumb","itemListElement":[{"@type":"ListItem","position":1,"name":"Home","item":"https:\/\/theatreagora.ca\/fr\/"},{"@type":"ListItem","position":2,"name":"Colloque de l\u2019ACRT 2025"}]},{"@type":"WebSite","@id":"https:\/\/theatreagora.ca\/#website","url":"https:\/\/theatreagora.ca\/","name":"TheatreAgora.ca","description":"the online meeting place of CATR and SQET |\u00a0le lieu de rencontre en ligne de la SQET et de l\u2019ACRT","publisher":{"@id":"https:\/\/theatreagora.ca\/#organization"},"potentialAction":[{"@type":"SearchAction","target":{"@type":"EntryPoint","urlTemplate":"https:\/\/theatreagora.ca\/?s={search_term_string}"},"query-input":{"@type":"PropertyValueSpecification","valueRequired":true,"valueName":"search_term_string"}}],"inLanguage":"fr-FR"},{"@type":"Organization","@id":"https:\/\/theatreagora.ca\/#organization","name":"TheatreAgora.ca","url":"https:\/\/theatreagora.ca\/","logo":{"@type":"ImageObject","inLanguage":"fr-FR","@id":"https:\/\/theatreagora.ca\/#\/schema\/logo\/image\/","url":"https:\/\/theatreagora.ca\/wp-content\/uploads\/2024\/11\/cropped-TA_Logo.png","contentUrl":"https:\/\/theatreagora.ca\/wp-content\/uploads\/2024\/11\/cropped-TA_Logo.png","width":2043,"height":517,"caption":"TheatreAgora.ca"},"image":{"@id":"https:\/\/theatreagora.ca\/#\/schema\/logo\/image\/"}}]}},"uagb_featured_image_src":{"full":false,"thumbnail":false,"medium":false,"medium_large":false,"large":false,"1536x1536":false,"2048x2048":false,"post-thumbnail":false,"chaplin_preview_image_low_resolution":false,"chaplin_preview_image_high_resolution":false,"chaplin_fullscreen":false},"uagb_author_info":{"display_name":"Dave Degrow","author_link":"https:\/\/theatreagora.ca\/fr\/author\/ddegrow\/"},"uagb_comment_info":0,"uagb_excerpt":"\u00ab\u2009De L\u2019Int\u00e9riorit\u00e9\u2009\u00bbEn Ligne, 26-27 Mai &amp; En Personne (Hotel Atlas et Universit\u00e9 de Regina), 25-28 Juin Cliquez ici pour lire une note de bienvenue du pr\u00e9sident de l&#8217;ACRT,&hellip;","_links":{"self":[{"href":"https:\/\/theatreagora.ca\/fr\/wp-json\/wp\/v2\/pages\/6385","targetHints":{"allow":["GET"]}}],"collection":[{"href":"https:\/\/theatreagora.ca\/fr\/wp-json\/wp\/v2\/pages"}],"about":[{"href":"https:\/\/theatreagora.ca\/fr\/wp-json\/wp\/v2\/types\/page"}],"author":[{"embeddable":true,"href":"https:\/\/theatreagora.ca\/fr\/wp-json\/wp\/v2\/users\/9"}],"replies":[{"embeddable":true,"href":"https:\/\/theatreagora.ca\/fr\/wp-json\/wp\/v2\/comments?post=6385"}],"version-history":[{"count":7,"href":"https:\/\/theatreagora.ca\/fr\/wp-json\/wp\/v2\/pages\/6385\/revisions"}],"predecessor-version":[{"id":7754,"href":"https:\/\/theatreagora.ca\/fr\/wp-json\/wp\/v2\/pages\/6385\/revisions\/7754"}],"wp:attachment":[{"href":"https:\/\/theatreagora.ca\/fr\/wp-json\/wp\/v2\/media?parent=6385"}],"curies":[{"name":"wp","href":"https:\/\/api.w.org\/{rel}","templated":true}]}}