{"id":66,"date":"2022-11-07T19:17:06","date_gmt":"2022-11-07T19:17:06","guid":{"rendered":"https:\/\/theatreagora.ca\/?page_id=66"},"modified":"2025-05-29T14:00:31","modified_gmt":"2025-05-29T14:00:31","slug":"contact","status":"publish","type":"page","link":"https:\/\/theatreagora.ca\/fr\/contact\/","title":{"rendered":"Nous contacter"},"content":{"rendered":"\n<p>Pour toute question, merci de nous contacter \u00e0 <a href=\"mailto:info@theatreagora.ca\" target=\"_blank\" rel=\"noreferrer noopener\">info@theatreagora.ca<\/a> ou <a href=\"mailto:catracrtsubmit@gmail.com\" target=\"_blank\" rel=\"noreferrer noopener\">catracrtsubmit@gmail.com<\/a>.<\/p>\n\n\n\n<h2 class=\"wp-block-heading\">Comit\u00e9 TheatreAgora.ca<\/h2>\n\n\n\n<p>Taiwo Afolabi (Co-Pr\u00e9sident), Nicole Nolette (Co-Pr\u00e9sidente), Roberta Barker (Pr\u00e9sidente colloque ACRT 2023), Jordana Cox (commissaire), Katrina Dunn, Jane Koustas, Fraser Stevens, Andy Houston, Marie-Eve Skelling Desmeules, Jacob Nevins (Directeur technique), Jeanne Murray-Tanguay<\/p>\n\n\n\n<p>TheatreAgora.ca est h\u00e9berg\u00e9 sur les serveurs de l\u2019Universit\u00e9 de Waterloo. L\u2019Universit\u00e9 reconnait que notre travail se fait sur le territoire traditionnel des peuples attawandaron (Neutres), anishinab\u00e9 et haudonosaunee. Le campus principal se se trouve sur la concession de Haldimand, parcelle de terrain d\u2019une largeur de six milles sur chaque rive de la rivi\u00e8re Grand, promise aux Six Nations en 1784. Chapeaut\u00e9s par notre&nbsp;<a href=\"https:\/\/uwaterloo.ca\/human-rights-equity-inclusion\/indigenousinitiatives\" target=\"_blank\" rel=\"noreferrer noopener\">Bureau des initiatives autochtones<\/a>, nous travaillons activement en faveur de la r\u00e9conciliation par la recherche, l\u2019apprentissage, l\u2019enseignement et la cr\u00e9ation de communaut\u00e9s.<\/p>\n","protected":false},"excerpt":{"rendered":"<p>Pour toute question, merci de nous contacter \u00e0 info@theatreagora.ca ou catracrtsubmit@gmail.com. Comit\u00e9 TheatreAgora.ca Taiwo Afolabi (Co-Pr\u00e9sident), Nicole Nolette (Co-Pr\u00e9sidente), Roberta Barker (Pr\u00e9sidente colloque ACRT 2023), Jordana Cox (commissaire),&hellip;<\/p>\n","protected":false},"author":3,"featured_media":0,"parent":0,"menu_order":0,"comment_status":"closed","ping_status":"closed","template":"","meta":{"_acf_changed":false,"_uag_custom_page_level_css":"","_monsterinsights_skip_tracking":false,"_monsterinsights_sitenote_active":false,"_monsterinsights_sitenote_note":"","_monsterinsights_sitenote_category":0,"footnotes":""},"class_list":["post-66","page","type-page","status-publish","has-post-thumbnail","hentry"],"acf":[],"yoast_head":"<!-- This site is optimized with the Yoast SEO plugin v27.4 - https:\/\/yoast.com\/product\/yoast-seo-wordpress\/ -->\n<title>Nous contacter - TheatreAgora.ca<\/title>\n<meta name=\"robots\" content=\"index, follow, max-snippet:-1, max-image-preview:large, max-video-preview:-1\" \/>\n<link rel=\"canonical\" href=\"https:\/\/theatreagora.ca\/fr\/contact\/\" \/>\n<meta property=\"og:locale\" content=\"fr_FR\" \/>\n<meta property=\"og:type\" content=\"article\" \/>\n<meta property=\"og:title\" content=\"Nous contacter - TheatreAgora.ca\" \/>\n<meta property=\"og:description\" content=\"Pour toute question, merci de nous contacter \u00e0 info@theatreagora.ca ou catracrtsubmit@gmail.com. Comit\u00e9 TheatreAgora.ca Taiwo Afolabi (Co-Pr\u00e9sident), Nicole Nolette (Co-Pr\u00e9sidente), Roberta Barker (Pr\u00e9sidente colloque ACRT 2023), Jordana Cox (commissaire),&hellip;\" \/>\n<meta property=\"og:url\" content=\"https:\/\/theatreagora.ca\/fr\/contact\/\" \/>\n<meta property=\"og:site_name\" content=\"TheatreAgora.ca\" \/>\n<meta property=\"article:modified_time\" content=\"2025-05-29T14:00:31+00:00\" \/>\n<meta property=\"og:image\" content=\"https:\/\/theatreagora.ca\/wp-content\/uploads\/2022\/11\/theatre-agora-logo-retina-en-1.png\" \/>\n\t<meta property=\"og:image:width\" content=\"489\" \/>\n\t<meta property=\"og:image:height\" content=\"94\" \/>\n\t<meta property=\"og:image:type\" content=\"image\/png\" \/>\n<meta name=\"twitter:card\" content=\"summary_large_image\" \/>\n<meta name=\"twitter:label1\" content=\"Dur\u00e9e de lecture estim\u00e9e\" \/>\n\t<meta name=\"twitter:data1\" content=\"1 minute\" \/>\n<script type=\"application\/ld+json\" class=\"yoast-schema-graph\">{\"@context\":\"https:\\\/\\\/schema.org\",\"@graph\":[{\"@type\":\"WebPage\",\"@id\":\"https:\\\/\\\/theatreagora.ca\\\/fr\\\/contact\\\/\",\"url\":\"https:\\\/\\\/theatreagora.ca\\\/fr\\\/contact\\\/\",\"name\":\"Nous contacter - TheatreAgora.ca\",\"isPartOf\":{\"@id\":\"https:\\\/\\\/theatreagora.ca\\\/#website\"},\"datePublished\":\"2022-11-07T19:17:06+00:00\",\"dateModified\":\"2025-05-29T14:00:31+00:00\",\"breadcrumb\":{\"@id\":\"https:\\\/\\\/theatreagora.ca\\\/fr\\\/contact\\\/#breadcrumb\"},\"inLanguage\":\"fr-FR\",\"potentialAction\":[{\"@type\":\"ReadAction\",\"target\":[\"https:\\\/\\\/theatreagora.ca\\\/fr\\\/contact\\\/\"]}]},{\"@type\":\"BreadcrumbList\",\"@id\":\"https:\\\/\\\/theatreagora.ca\\\/fr\\\/contact\\\/#breadcrumb\",\"itemListElement\":[{\"@type\":\"ListItem\",\"position\":1,\"name\":\"Home\",\"item\":\"https:\\\/\\\/theatreagora.ca\\\/fr\\\/\"},{\"@type\":\"ListItem\",\"position\":2,\"name\":\"Nous contacter\"}]},{\"@type\":\"WebSite\",\"@id\":\"https:\\\/\\\/theatreagora.ca\\\/#website\",\"url\":\"https:\\\/\\\/theatreagora.ca\\\/\",\"name\":\"TheatreAgora.ca\",\"description\":\"the online meeting place of CATR and SQET |\u00a0le lieu de rencontre en ligne de la SQET et de l\u2019ACRT\",\"publisher\":{\"@id\":\"https:\\\/\\\/theatreagora.ca\\\/#organization\"},\"potentialAction\":[{\"@type\":\"SearchAction\",\"target\":{\"@type\":\"EntryPoint\",\"urlTemplate\":\"https:\\\/\\\/theatreagora.ca\\\/?s={search_term_string}\"},\"query-input\":{\"@type\":\"PropertyValueSpecification\",\"valueRequired\":true,\"valueName\":\"search_term_string\"}}],\"inLanguage\":\"fr-FR\"},{\"@type\":\"Organization\",\"@id\":\"https:\\\/\\\/theatreagora.ca\\\/#organization\",\"name\":\"TheatreAgora.ca\",\"url\":\"https:\\\/\\\/theatreagora.ca\\\/\",\"logo\":{\"@type\":\"ImageObject\",\"inLanguage\":\"fr-FR\",\"@id\":\"https:\\\/\\\/theatreagora.ca\\\/#\\\/schema\\\/logo\\\/image\\\/\",\"url\":\"https:\\\/\\\/theatreagora.ca\\\/wp-content\\\/uploads\\\/2024\\\/11\\\/cropped-TA_Logo.png\",\"contentUrl\":\"https:\\\/\\\/theatreagora.ca\\\/wp-content\\\/uploads\\\/2024\\\/11\\\/cropped-TA_Logo.png\",\"width\":2043,\"height\":517,\"caption\":\"TheatreAgora.ca\"},\"image\":{\"@id\":\"https:\\\/\\\/theatreagora.ca\\\/#\\\/schema\\\/logo\\\/image\\\/\"}}]}<\/script>\n<!-- \/ Yoast SEO plugin. -->","yoast_head_json":{"title":"Nous contacter - TheatreAgora.ca","robots":{"index":"index","follow":"follow","max-snippet":"max-snippet:-1","max-image-preview":"max-image-preview:large","max-video-preview":"max-video-preview:-1"},"canonical":"https:\/\/theatreagora.ca\/fr\/contact\/","og_locale":"fr_FR","og_type":"article","og_title":"Nous contacter - TheatreAgora.ca","og_description":"Pour toute question, merci de nous contacter \u00e0 info@theatreagora.ca ou catracrtsubmit@gmail.com. Comit\u00e9 TheatreAgora.ca Taiwo Afolabi (Co-Pr\u00e9sident), Nicole Nolette (Co-Pr\u00e9sidente), Roberta Barker (Pr\u00e9sidente colloque ACRT 2023), Jordana Cox (commissaire),&hellip;","og_url":"https:\/\/theatreagora.ca\/fr\/contact\/","og_site_name":"TheatreAgora.ca","article_modified_time":"2025-05-29T14:00:31+00:00","og_image":[{"width":489,"height":94,"url":"https:\/\/theatreagora.ca\/wp-content\/uploads\/2022\/11\/theatre-agora-logo-retina-en-1.png","type":"image\/png"}],"twitter_card":"summary_large_image","twitter_misc":{"Dur\u00e9e de lecture estim\u00e9e":"1 minute"},"schema":{"@context":"https:\/\/schema.org","@graph":[{"@type":"WebPage","@id":"https:\/\/theatreagora.ca\/fr\/contact\/","url":"https:\/\/theatreagora.ca\/fr\/contact\/","name":"Nous contacter - TheatreAgora.ca","isPartOf":{"@id":"https:\/\/theatreagora.ca\/#website"},"datePublished":"2022-11-07T19:17:06+00:00","dateModified":"2025-05-29T14:00:31+00:00","breadcrumb":{"@id":"https:\/\/theatreagora.ca\/fr\/contact\/#breadcrumb"},"inLanguage":"fr-FR","potentialAction":[{"@type":"ReadAction","target":["https:\/\/theatreagora.ca\/fr\/contact\/"]}]},{"@type":"BreadcrumbList","@id":"https:\/\/theatreagora.ca\/fr\/contact\/#breadcrumb","itemListElement":[{"@type":"ListItem","position":1,"name":"Home","item":"https:\/\/theatreagora.ca\/fr\/"},{"@type":"ListItem","position":2,"name":"Nous contacter"}]},{"@type":"WebSite","@id":"https:\/\/theatreagora.ca\/#website","url":"https:\/\/theatreagora.ca\/","name":"TheatreAgora.ca","description":"the online meeting place of CATR and SQET |\u00a0le lieu de rencontre en ligne de la SQET et de l\u2019ACRT","publisher":{"@id":"https:\/\/theatreagora.ca\/#organization"},"potentialAction":[{"@type":"SearchAction","target":{"@type":"EntryPoint","urlTemplate":"https:\/\/theatreagora.ca\/?s={search_term_string}"},"query-input":{"@type":"PropertyValueSpecification","valueRequired":true,"valueName":"search_term_string"}}],"inLanguage":"fr-FR"},{"@type":"Organization","@id":"https:\/\/theatreagora.ca\/#organization","name":"TheatreAgora.ca","url":"https:\/\/theatreagora.ca\/","logo":{"@type":"ImageObject","inLanguage":"fr-FR","@id":"https:\/\/theatreagora.ca\/#\/schema\/logo\/image\/","url":"https:\/\/theatreagora.ca\/wp-content\/uploads\/2024\/11\/cropped-TA_Logo.png","contentUrl":"https:\/\/theatreagora.ca\/wp-content\/uploads\/2024\/11\/cropped-TA_Logo.png","width":2043,"height":517,"caption":"TheatreAgora.ca"},"image":{"@id":"https:\/\/theatreagora.ca\/#\/schema\/logo\/image\/"}}]}},"uagb_featured_image_src":{"full":false,"thumbnail":false,"medium":false,"medium_large":false,"large":false,"1536x1536":false,"2048x2048":false,"post-thumbnail":false,"chaplin_preview_image_low_resolution":false,"chaplin_preview_image_high_resolution":false,"chaplin_fullscreen":false},"uagb_author_info":{"display_name":"Jordana Cox","author_link":"https:\/\/theatreagora.ca\/fr\/author\/j8cox\/"},"uagb_comment_info":0,"uagb_excerpt":"Pour toute question, merci de nous contacter \u00e0 info@theatreagora.ca ou catracrtsubmit@gmail.com. Comit\u00e9 TheatreAgora.ca Taiwo Afolabi (Co-Pr\u00e9sident), Nicole Nolette (Co-Pr\u00e9sidente), Roberta Barker (Pr\u00e9sidente colloque ACRT 2023), Jordana Cox (commissaire),&hellip;","_links":{"self":[{"href":"https:\/\/theatreagora.ca\/fr\/wp-json\/wp\/v2\/pages\/66","targetHints":{"allow":["GET"]}}],"collection":[{"href":"https:\/\/theatreagora.ca\/fr\/wp-json\/wp\/v2\/pages"}],"about":[{"href":"https:\/\/theatreagora.ca\/fr\/wp-json\/wp\/v2\/types\/page"}],"author":[{"embeddable":true,"href":"https:\/\/theatreagora.ca\/fr\/wp-json\/wp\/v2\/users\/3"}],"replies":[{"embeddable":true,"href":"https:\/\/theatreagora.ca\/fr\/wp-json\/wp\/v2\/comments?post=66"}],"version-history":[{"count":10,"href":"https:\/\/theatreagora.ca\/fr\/wp-json\/wp\/v2\/pages\/66\/revisions"}],"predecessor-version":[{"id":7763,"href":"https:\/\/theatreagora.ca\/fr\/wp-json\/wp\/v2\/pages\/66\/revisions\/7763"}],"wp:attachment":[{"href":"https:\/\/theatreagora.ca\/fr\/wp-json\/wp\/v2\/media?parent=66"}],"curies":[{"name":"wp","href":"https:\/\/api.w.org\/{rel}","templated":true}]}}