{"id":6763,"date":"2025-05-06T21:39:27","date_gmt":"2025-05-06T21:39:27","guid":{"rendered":"https:\/\/theatreagora.ca\/?page_id=6763"},"modified":"2025-06-03T20:19:29","modified_gmt":"2025-06-03T20:19:29","slug":"colloque-sqet-2025","status":"publish","type":"page","link":"https:\/\/theatreagora.ca\/fr\/colloque-sqet-2025\/","title":{"rendered":"Colloque SQET 2025"},"content":{"rendered":"\n<div class=\"wp-block-uagb-image alignwide uagb-block-b382ce94 wp-block-uagb-image--layout-default wp-block-uagb-image--effect-static wp-block-uagb-image--align-wide\"><figure class=\"wp-block-uagb-image__figure\"><img decoding=\"async\" srcset=\"https:\/\/theatreagora.ca\/wp-content\/uploads\/2025\/05\/Banniere_page-0001-1-scaled.jpg ,https:\/\/theatreagora.ca\/wp-content\/uploads\/2025\/05\/Banniere_page-0001-1-scaled.jpg 780w, https:\/\/theatreagora.ca\/wp-content\/uploads\/2025\/05\/Banniere_page-0001-1-scaled.jpg 360w\" sizes=\"auto, (max-width: 480px) 150px\" src=\"https:\/\/theatreagora.ca\/wp-content\/uploads\/2025\/05\/Banniere_page-0001-1-scaled.jpg\" alt=\"\" class=\"uag-image-6775\" width=\"2560\" height=\"1280\" title=\"Banni\u00e8re_page-0001\" loading=\"lazy\" role=\"img\"\/><\/figure><\/div>\n\n\n\n<h3 class=\"wp-block-heading has-text-align-left\"><span class=\"ez-toc-section\" id=\"programme\"><\/span>Programme<span class=\"ez-toc-section-end\"><\/span><\/h3>\n\n\n\n<p>Dans la lign\u00e9e de nos rencontres pr\u00e9c\u00e9dentes qui ont explor\u00e9 les rapprochements et les liens d\u2019interd\u00e9pendance inh\u00e9rents aux arts vivants, nous proposons cette ann\u00e9e de nous int\u00e9resser aux approches th\u00e9\u00e2trales, pratiques et\/ou th\u00e9oriques, inclusives et pluridimensionnelles qui ont le souci de cr\u00e9er du commun, source de l\u2019\u00e9mergence d\u2019un sujet collectif, d\u2019un \u00ab nous \u00bb (Astruc et Baudet, 2021).<\/p>\n\n\n\n<p>Collectivement, nous interrogerons les traces, les pratiques et les repr\u00e9sentations pass\u00e9es, actuelles et futures qui nous \u00e9clairent sur l\u2019engagement que cet \u00ab en-commun \u00bb implique pour apprendre, accompagner et \u00eatre ensemble.<\/p>\n\n\n\n<p>Bon colloque!<\/p>\n\n\n\n<div data-wp-interactive=\"core\/file\" class=\"wp-block-file alignwide\"><object data-wp-bind--hidden=\"!state.hasPdfPreview\" hidden class=\"wp-block-file__embed\" data=\"https:\/\/theatreagora.ca\/wp-content\/uploads\/2025\/05\/SQET2025_Programme.pdf\" type=\"application\/pdf\" style=\"width:100%;height:600px\" aria-label=\"PDF embarqu\u00e9\"><\/object><\/div>\n\n\n\n<div style=\"height:26px\" aria-hidden=\"true\" class=\"wp-block-spacer\"><\/div>\n\n\n\n<div class=\"wp-block-buttons is-content-justification-center is-layout-flex wp-container-core-buttons-is-layout-16018d1d wp-block-buttons-is-layout-flex\">\n<div class=\"wp-block-button\"><a class=\"wp-block-button__link wp-element-button\" href=\"https:\/\/theatreagora.ca\/fr\/colloque-sqet-2024\/colloque-sqet-2025-horaire\/\">Horaire d\u00e9taill\u00e9 et acc\u00e8s Zoom<\/a><\/div>\n<\/div>\n\n\n\n<div class=\"wp-block-buttons is-content-justification-center is-layout-flex wp-container-core-buttons-is-layout-16018d1d wp-block-buttons-is-layout-flex\">\n<div class=\"wp-block-button\"><a class=\"wp-block-button__link wp-element-button\" href=\"https:\/\/www.sqet.org\/adhesion\">Adh\u00e9rer \u00e0 la SQET<\/a><\/div>\n<\/div>\n\n\n\n<div style=\"height:59px\" aria-hidden=\"true\" class=\"wp-block-spacer\"><\/div>\n\n\n\n<h2 class=\"wp-block-heading has-text-align-center\"><span class=\"ez-toc-section\" id=\"comite-organisateur\"><\/span>Comit\u00e9 organisateur<span class=\"ez-toc-section-end\"><\/span><\/h2>\n\n\n\n<div class=\"wp-block-columns is-layout-flex wp-container-core-columns-is-layout-9d6595d7 wp-block-columns-is-layout-flex\">\n<div class=\"wp-block-column is-layout-flow wp-block-column-is-layout-flow\">\n<h5 class=\"wp-block-heading has-text-align-center\">Genevi\u00e8ve B\u00e9lisle<\/h5>\n\n\n\n<p class=\"has-text-align-center\">Universit\u00e9 du Qu\u00e9bec \u00e0 Montr\u00e9al<\/p>\n<\/div>\n\n\n\n<div class=\"wp-block-column is-layout-flow wp-block-column-is-layout-flow\">\n<h5 class=\"wp-block-heading has-text-align-center\">Claudia Blouin<\/h5>\n\n\n\n<p class=\"has-text-align-center\">Universit\u00e9 Laval<\/p>\n<\/div>\n\n\n\n<div class=\"wp-block-column is-layout-flow wp-block-column-is-layout-flow\">\n<h5 class=\"wp-block-heading has-text-align-center\">Herv\u00e9 Guay<\/h5>\n\n\n\n<p class=\"has-text-align-center\">Universit\u00e9 du Qu\u00e9bec \u00e0 Trois-Rivi\u00e8res<\/p>\n<\/div>\n<\/div>\n\n\n\n<div class=\"wp-block-columns is-layout-flex wp-container-core-columns-is-layout-9d6595d7 wp-block-columns-is-layout-flex\">\n<div class=\"wp-block-column is-layout-flow wp-block-column-is-layout-flow\">\n<h5 class=\"wp-block-heading has-text-align-center\">Nicole Nolette<\/h5>\n\n\n\n<p class=\"has-text-align-center\">Universit\u00e9 de Waterloo<\/p>\n<\/div>\n\n\n\n<div class=\"wp-block-column is-layout-flow wp-block-column-is-layout-flow\">\n<h5 class=\"wp-block-heading has-text-align-center\">Jean-Paul Qu\u00e9innec<\/h5>\n\n\n\n<p class=\"has-text-align-center\">Universit\u00e9 du Qu\u00e9bec \u00e0 Chicoutimi<\/p>\n<\/div>\n\n\n\n<div class=\"wp-block-column is-layout-flow wp-block-column-is-layout-flow\">\n<h5 class=\"wp-block-heading has-text-align-center\">Marie-Eve Skelling Desmeules<\/h5>\n\n\n\n<p class=\"has-text-align-center\">Universit\u00e9 du Qu\u00e9bec \u00e0 Chicoutimi<\/p>\n<\/div>\n<\/div>\n\n\n\n<div class=\"wp-block-group sponsorgrid\"><div class=\"wp-block-group__inner-container is-layout-constrained wp-block-group-is-layout-constrained\">\n<div style=\"height:51px\" aria-hidden=\"true\" class=\"wp-block-spacer\"><\/div>\n<\/div><\/div>\n\n\n\n<div class=\"wp-block-group sponsorgrid\"><div class=\"wp-block-group__inner-container is-layout-constrained wp-block-group-is-layout-constrained\">\t\t\t\t\t<div\n\t\t\t\t\t\tclass=\"wp-block-uagb-image-gallery uagb-block-38c88799     \"\n\t\t\t\t\t\tstyle=\"\"\n\t\t\t\t\t>\n\t\t\t\t\t\t\t\t\t\t\t<div class=\"spectra-image-gallery spectra-image-gallery__layout--grid spectra-image-gallery__layout--grid-col-1 spectra-image-gallery__layout--grid-col-tab-1 spectra-image-gallery__layout--grid-col-mob-1\">\n\t\t\t\t\t\t\t\t\t\t\t<div class='spectra-image-gallery__media-wrapper' data-spectra-gallery-image-id='873' tabindex=\"0\">\n\t\t\t\t\t\t\t<div class=\"spectra-image-gallery__media spectra-image-gallery__media--grid\">\n\t\t\t\t<picture>\n\t\t\t\t\t<source media=\"(min-width: 1024px)\" srcset=\"https:\/\/theatreagora.ca\/wp-content\/uploads\/2023\/04\/sqet-300x230.png\">\n\t\t\t\t\t<source media=\"(min-width: 768px)\" srcset=\"https:\/\/theatreagora.ca\/wp-content\/uploads\/2023\/04\/sqet-1024x785.png\">\n\t\t\t\t\t<img decoding=\"async\" class=\"spectra-image-gallery__media-thumbnail spectra-image-gallery__media-thumbnail--grid\" src=\"https:\/\/theatreagora.ca\/wp-content\/uploads\/2023\/04\/sqet-300x230.png\" alt=\"Logo SQET\" loading=\"lazy\" \/>\n\t\t\t\t<\/picture>\n\t\t\t\t<div class=\"spectra-image-gallery__media-thumbnail-blurrer\"><\/div>\n\t\t\t\t\t\t\t\t\t\t\t<div class=\"spectra-image-gallery__media-thumbnail-caption-wrapper spectra-image-gallery__media-thumbnail-caption-wrapper--overlay\"><\/div>\n\t\t\t\t\t\t\t\t<\/div>\n\t\t\t\t\t\t<\/div>\n\t\t\t\t\t\t\t\t\t\t<\/div>\n\t\t\t\t\t\t\t\t\t\t\t\t\t\t\t\t\t\t<\/div>\n\t\t\t\t\t\t\t\t\t<\/div><\/div>\n","protected":false},"excerpt":{"rendered":"<p>Programme Dans la lign\u00e9e de nos rencontres pr\u00e9c\u00e9dentes qui ont explor\u00e9 les rapprochements et les liens d\u2019interd\u00e9pendance inh\u00e9rents aux arts vivants, nous proposons cette ann\u00e9e de nous int\u00e9resser&hellip;<\/p>\n","protected":false},"author":1,"featured_media":0,"parent":0,"menu_order":0,"comment_status":"closed","ping_status":"closed","template":"","meta":{"_acf_changed":false,"_uag_custom_page_level_css":"","_monsterinsights_skip_tracking":false,"_monsterinsights_sitenote_active":false,"_monsterinsights_sitenote_note":"","_monsterinsights_sitenote_category":0,"footnotes":""},"class_list":["post-6763","page","type-page","status-publish","has-post-thumbnail","hentry"],"acf":[],"yoast_head":"<!-- This site is optimized with the Yoast SEO plugin v27.2 - https:\/\/yoast.com\/product\/yoast-seo-wordpress\/ -->\n<title>Colloque SQET 2025 - TheatreAgora.ca<\/title>\n<meta name=\"robots\" content=\"index, follow, max-snippet:-1, max-image-preview:large, max-video-preview:-1\" \/>\n<link rel=\"canonical\" href=\"https:\/\/theatreagora.ca\/fr\/colloque-sqet-2025\/\" \/>\n<meta property=\"og:locale\" content=\"fr_FR\" \/>\n<meta property=\"og:type\" content=\"article\" \/>\n<meta property=\"og:title\" content=\"Colloque SQET 2025 - TheatreAgora.ca\" \/>\n<meta property=\"og:description\" content=\"Programme Dans la lign\u00e9e de nos rencontres pr\u00e9c\u00e9dentes qui ont explor\u00e9 les rapprochements et les liens d\u2019interd\u00e9pendance inh\u00e9rents aux arts vivants, nous proposons cette ann\u00e9e de nous int\u00e9resser&hellip;\" \/>\n<meta property=\"og:url\" content=\"https:\/\/theatreagora.ca\/fr\/colloque-sqet-2025\/\" \/>\n<meta property=\"og:site_name\" content=\"TheatreAgora.ca\" \/>\n<meta property=\"article:modified_time\" content=\"2025-06-03T20:19:29+00:00\" \/>\n<meta property=\"og:image\" content=\"https:\/\/theatreagora.ca\/wp-content\/uploads\/2025\/05\/Banniere_page-0001-1-scaled.jpg\" \/>\n<meta name=\"twitter:card\" content=\"summary_large_image\" \/>\n<meta name=\"twitter:label1\" content=\"Dur\u00e9e de lecture estim\u00e9e\" \/>\n\t<meta name=\"twitter:data1\" content=\"1 minute\" \/>\n<script type=\"application\/ld+json\" class=\"yoast-schema-graph\">{\"@context\":\"https:\/\/schema.org\",\"@graph\":[{\"@type\":\"WebPage\",\"@id\":\"https:\/\/theatreagora.ca\/fr\/colloque-sqet-2025\/\",\"url\":\"https:\/\/theatreagora.ca\/fr\/colloque-sqet-2025\/\",\"name\":\"Colloque SQET 2025 - TheatreAgora.ca\",\"isPartOf\":{\"@id\":\"https:\/\/theatreagora.ca\/#website\"},\"primaryImageOfPage\":{\"@id\":\"https:\/\/theatreagora.ca\/fr\/colloque-sqet-2025\/#primaryimage\"},\"image\":{\"@id\":\"https:\/\/theatreagora.ca\/fr\/colloque-sqet-2025\/#primaryimage\"},\"thumbnailUrl\":\"https:\/\/theatreagora.ca\/wp-content\/uploads\/2025\/05\/Banniere_page-0001-1-scaled.jpg\",\"datePublished\":\"2025-05-06T21:39:27+00:00\",\"dateModified\":\"2025-06-03T20:19:29+00:00\",\"breadcrumb\":{\"@id\":\"https:\/\/theatreagora.ca\/fr\/colloque-sqet-2025\/#breadcrumb\"},\"inLanguage\":\"fr-FR\",\"potentialAction\":[{\"@type\":\"ReadAction\",\"target\":[\"https:\/\/theatreagora.ca\/fr\/colloque-sqet-2025\/\"]}]},{\"@type\":\"ImageObject\",\"inLanguage\":\"fr-FR\",\"@id\":\"https:\/\/theatreagora.ca\/fr\/colloque-sqet-2025\/#primaryimage\",\"url\":\"https:\/\/theatreagora.ca\/wp-content\/uploads\/2025\/05\/Banniere_page-0001-1-scaled.jpg\",\"contentUrl\":\"https:\/\/theatreagora.ca\/wp-content\/uploads\/2025\/05\/Banniere_page-0001-1-scaled.jpg\"},{\"@type\":\"BreadcrumbList\",\"@id\":\"https:\/\/theatreagora.ca\/fr\/colloque-sqet-2025\/#breadcrumb\",\"itemListElement\":[{\"@type\":\"ListItem\",\"position\":1,\"name\":\"Home\",\"item\":\"https:\/\/theatreagora.ca\/fr\/\"},{\"@type\":\"ListItem\",\"position\":2,\"name\":\"Colloque SQET 2025\"}]},{\"@type\":\"WebSite\",\"@id\":\"https:\/\/theatreagora.ca\/#website\",\"url\":\"https:\/\/theatreagora.ca\/\",\"name\":\"TheatreAgora.ca\",\"description\":\"the online meeting place of CATR and SQET |\u00a0le lieu de rencontre en ligne de la SQET et de l\u2019ACRT\",\"publisher\":{\"@id\":\"https:\/\/theatreagora.ca\/#organization\"},\"potentialAction\":[{\"@type\":\"SearchAction\",\"target\":{\"@type\":\"EntryPoint\",\"urlTemplate\":\"https:\/\/theatreagora.ca\/?s={search_term_string}\"},\"query-input\":{\"@type\":\"PropertyValueSpecification\",\"valueRequired\":true,\"valueName\":\"search_term_string\"}}],\"inLanguage\":\"fr-FR\"},{\"@type\":\"Organization\",\"@id\":\"https:\/\/theatreagora.ca\/#organization\",\"name\":\"TheatreAgora.ca\",\"url\":\"https:\/\/theatreagora.ca\/\",\"logo\":{\"@type\":\"ImageObject\",\"inLanguage\":\"fr-FR\",\"@id\":\"https:\/\/theatreagora.ca\/#\/schema\/logo\/image\/\",\"url\":\"https:\/\/theatreagora.ca\/wp-content\/uploads\/2024\/11\/cropped-TA_Logo.png\",\"contentUrl\":\"https:\/\/theatreagora.ca\/wp-content\/uploads\/2024\/11\/cropped-TA_Logo.png\",\"width\":2043,\"height\":517,\"caption\":\"TheatreAgora.ca\"},\"image\":{\"@id\":\"https:\/\/theatreagora.ca\/#\/schema\/logo\/image\/\"}}]}<\/script>\n<!-- \/ Yoast SEO plugin. -->","yoast_head_json":{"title":"Colloque SQET 2025 - TheatreAgora.ca","robots":{"index":"index","follow":"follow","max-snippet":"max-snippet:-1","max-image-preview":"max-image-preview:large","max-video-preview":"max-video-preview:-1"},"canonical":"https:\/\/theatreagora.ca\/fr\/colloque-sqet-2025\/","og_locale":"fr_FR","og_type":"article","og_title":"Colloque SQET 2025 - TheatreAgora.ca","og_description":"Programme Dans la lign\u00e9e de nos rencontres pr\u00e9c\u00e9dentes qui ont explor\u00e9 les rapprochements et les liens d\u2019interd\u00e9pendance inh\u00e9rents aux arts vivants, nous proposons cette ann\u00e9e de nous int\u00e9resser&hellip;","og_url":"https:\/\/theatreagora.ca\/fr\/colloque-sqet-2025\/","og_site_name":"TheatreAgora.ca","article_modified_time":"2025-06-03T20:19:29+00:00","og_image":[{"url":"https:\/\/theatreagora.ca\/wp-content\/uploads\/2025\/05\/Banniere_page-0001-1-scaled.jpg","type":"","width":"","height":""}],"twitter_card":"summary_large_image","twitter_misc":{"Dur\u00e9e de lecture estim\u00e9e":"1 minute"},"schema":{"@context":"https:\/\/schema.org","@graph":[{"@type":"WebPage","@id":"https:\/\/theatreagora.ca\/fr\/colloque-sqet-2025\/","url":"https:\/\/theatreagora.ca\/fr\/colloque-sqet-2025\/","name":"Colloque SQET 2025 - TheatreAgora.ca","isPartOf":{"@id":"https:\/\/theatreagora.ca\/#website"},"primaryImageOfPage":{"@id":"https:\/\/theatreagora.ca\/fr\/colloque-sqet-2025\/#primaryimage"},"image":{"@id":"https:\/\/theatreagora.ca\/fr\/colloque-sqet-2025\/#primaryimage"},"thumbnailUrl":"https:\/\/theatreagora.ca\/wp-content\/uploads\/2025\/05\/Banniere_page-0001-1-scaled.jpg","datePublished":"2025-05-06T21:39:27+00:00","dateModified":"2025-06-03T20:19:29+00:00","breadcrumb":{"@id":"https:\/\/theatreagora.ca\/fr\/colloque-sqet-2025\/#breadcrumb"},"inLanguage":"fr-FR","potentialAction":[{"@type":"ReadAction","target":["https:\/\/theatreagora.ca\/fr\/colloque-sqet-2025\/"]}]},{"@type":"ImageObject","inLanguage":"fr-FR","@id":"https:\/\/theatreagora.ca\/fr\/colloque-sqet-2025\/#primaryimage","url":"https:\/\/theatreagora.ca\/wp-content\/uploads\/2025\/05\/Banniere_page-0001-1-scaled.jpg","contentUrl":"https:\/\/theatreagora.ca\/wp-content\/uploads\/2025\/05\/Banniere_page-0001-1-scaled.jpg"},{"@type":"BreadcrumbList","@id":"https:\/\/theatreagora.ca\/fr\/colloque-sqet-2025\/#breadcrumb","itemListElement":[{"@type":"ListItem","position":1,"name":"Home","item":"https:\/\/theatreagora.ca\/fr\/"},{"@type":"ListItem","position":2,"name":"Colloque SQET 2025"}]},{"@type":"WebSite","@id":"https:\/\/theatreagora.ca\/#website","url":"https:\/\/theatreagora.ca\/","name":"TheatreAgora.ca","description":"the online meeting place of CATR and SQET |\u00a0le lieu de rencontre en ligne de la SQET et de l\u2019ACRT","publisher":{"@id":"https:\/\/theatreagora.ca\/#organization"},"potentialAction":[{"@type":"SearchAction","target":{"@type":"EntryPoint","urlTemplate":"https:\/\/theatreagora.ca\/?s={search_term_string}"},"query-input":{"@type":"PropertyValueSpecification","valueRequired":true,"valueName":"search_term_string"}}],"inLanguage":"fr-FR"},{"@type":"Organization","@id":"https:\/\/theatreagora.ca\/#organization","name":"TheatreAgora.ca","url":"https:\/\/theatreagora.ca\/","logo":{"@type":"ImageObject","inLanguage":"fr-FR","@id":"https:\/\/theatreagora.ca\/#\/schema\/logo\/image\/","url":"https:\/\/theatreagora.ca\/wp-content\/uploads\/2024\/11\/cropped-TA_Logo.png","contentUrl":"https:\/\/theatreagora.ca\/wp-content\/uploads\/2024\/11\/cropped-TA_Logo.png","width":2043,"height":517,"caption":"TheatreAgora.ca"},"image":{"@id":"https:\/\/theatreagora.ca\/#\/schema\/logo\/image\/"}}]}},"uagb_featured_image_src":{"full":false,"thumbnail":false,"medium":false,"medium_large":false,"large":false,"1536x1536":false,"2048x2048":false,"post-thumbnail":false,"chaplin_preview_image_low_resolution":false,"chaplin_preview_image_high_resolution":false,"chaplin_fullscreen":false},"uagb_author_info":{"display_name":"Mathieu Koumbit","author_link":"https:\/\/theatreagora.ca\/fr\/author\/mathieum\/"},"uagb_comment_info":0,"uagb_excerpt":"Programme Dans la lign\u00e9e de nos rencontres pr\u00e9c\u00e9dentes qui ont explor\u00e9 les rapprochements et les liens d\u2019interd\u00e9pendance inh\u00e9rents aux arts vivants, nous proposons cette ann\u00e9e de nous int\u00e9resser&hellip;","_links":{"self":[{"href":"https:\/\/theatreagora.ca\/fr\/wp-json\/wp\/v2\/pages\/6763","targetHints":{"allow":["GET"]}}],"collection":[{"href":"https:\/\/theatreagora.ca\/fr\/wp-json\/wp\/v2\/pages"}],"about":[{"href":"https:\/\/theatreagora.ca\/fr\/wp-json\/wp\/v2\/types\/page"}],"author":[{"embeddable":true,"href":"https:\/\/theatreagora.ca\/fr\/wp-json\/wp\/v2\/users\/1"}],"replies":[{"embeddable":true,"href":"https:\/\/theatreagora.ca\/fr\/wp-json\/wp\/v2\/comments?post=6763"}],"version-history":[{"count":10,"href":"https:\/\/theatreagora.ca\/fr\/wp-json\/wp\/v2\/pages\/6763\/revisions"}],"predecessor-version":[{"id":7796,"href":"https:\/\/theatreagora.ca\/fr\/wp-json\/wp\/v2\/pages\/6763\/revisions\/7796"}],"wp:attachment":[{"href":"https:\/\/theatreagora.ca\/fr\/wp-json\/wp\/v2\/media?parent=6763"}],"curies":[{"name":"wp","href":"https:\/\/api.w.org\/{rel}","templated":true}]}}