{"id":75,"date":"2022-11-07T15:08:16","date_gmt":"2022-11-07T15:08:16","guid":{"rendered":"https:\/\/theatreagora.ca\/home\/"},"modified":"2026-01-13T23:19:55","modified_gmt":"2026-01-13T23:19:55","slug":"home","status":"publish","type":"page","link":"https:\/\/theatreagora.ca\/fr\/","title":{"rendered":"Accueil"},"content":{"rendered":"\n<div class=\"wp-block-media-text alignwide is-stacked-on-mobile is-vertically-aligned-top\"><figure class=\"wp-block-media-text__media\"><img loading=\"lazy\" decoding=\"async\" width=\"1005\" height=\"1024\" src=\"https:\/\/theatreagora.ca\/wp-content\/uploads\/2023\/06\/TheatreAgoraBanner2023-1-1005x1024.png\" alt=\"Un carr\u00e9 gris rappelant une courtepoint avec un motif r\u00e9p\u00e9t\u00e9 de fl\u00e8ches blanches pointant dans toutes les directions. Vers le coin inf\u00e9rieur gauche, quatre fl\u00e8ches d'un bleu \u00e9clatant pointent vers l'int\u00e9rieur, vers un carr\u00e9 bleu.\" class=\"wp-image-3128 size-full\" srcset=\"https:\/\/theatreagora.ca\/wp-content\/uploads\/2023\/06\/TheatreAgoraBanner2023-1-1005x1024.png 1005w, https:\/\/theatreagora.ca\/wp-content\/uploads\/2023\/06\/TheatreAgoraBanner2023-1-294x300.png 294w, https:\/\/theatreagora.ca\/wp-content\/uploads\/2023\/06\/TheatreAgoraBanner2023-1-768x783.png 768w, https:\/\/theatreagora.ca\/wp-content\/uploads\/2023\/06\/TheatreAgoraBanner2023-1-540x550.png 540w, https:\/\/theatreagora.ca\/wp-content\/uploads\/2023\/06\/TheatreAgoraBanner2023-1-1080x1101.png 1080w, https:\/\/theatreagora.ca\/wp-content\/uploads\/2023\/06\/TheatreAgoraBanner2023-1.png 1500w\" sizes=\"auto, (max-width: 1005px) 100vw, 1005px\" \/><figcaption>Attribution: Meysam Khavari<\/figcaption><\/figure><div class=\"wp-block-media-text__content\">\n<h2 class=\"wp-block-heading\"><span class=\"ez-toc-section\" id=\"bienvenue-a-theatreagoraca\"><\/span>Bienvenue \u00e0 TheatreAgora.ca.<span class=\"ez-toc-section-end\"><\/span><\/h2>\n\n\n\n<p>TheatreAgora.ca, une collaboration entre la Soci\u00e9t\u00e9 qu\u00e9becoise d&#8217;\u00e9tudes th\u00e9\u00e2trales (SQET) et l&#8217;Association canadienne pour la recherche th\u00e9\u00e2trale (CATR), est un espace de mise en commun pour la recherche portant sur les arts vivants et pour le r\u00e9seautage aupr\u00e8s des chercheurs et chercheuses qui s&#8217;int\u00e9ressent aux arts vivants \u00e0 partir du Qu\u00e9bec, du Canada et d&#8217;ailleurs.<\/p>\n\n\n\n<p>Nous souhaitons faire de cet espace un lieu de d\u00e9couverte, que ce soit de nouvelles id\u00e9es ou de nouveaux coll\u00e8gues. Les membres de nos deux associations sont invit\u00e9s \u00e0 se joindre \u00e0 nous pour imaginer l&#8217;avenir de cette plateforme : communiquez avec nous au <a href=\"mailto:info@TheatreAgora.ca\">info@theatreagora.ca<\/a>.<\/p>\n<\/div><\/div>\n\n\n\n<p class=\"has-text-align-center\"><em>S.V.P. notez: TheatreAgora.ca n&#8217;accepte actuellement aucune proposition pour l&#8217;hiver\/printemps 2026. <\/em><br><em>Restez \u00e0 l&#8217;\u00e9coute pour les mises \u00e0 jour !<\/em><\/p>\n\n\n\n<div class=\"wp-block-columns is-layout-flex wp-container-core-columns-is-layout-9d6595d7 wp-block-columns-is-layout-flex\">\n<div class=\"wp-block-column is-layout-flow wp-block-column-is-layout-flow\">\n<h2 class=\"wp-block-heading\"><span class=\"ez-toc-section\" id=\"a-venir\"><\/span>\u00c0 venir :<span class=\"ez-toc-section-end\"><\/span><\/h2>\n\n\n\n<div class=\"wp-block-uagb-image alignwide uagb-block-847d886f wp-block-uagb-image--layout-default wp-block-uagb-image--effect-static wp-block-uagb-image--align-wide\"><figure class=\"wp-block-uagb-image__figure\"><img decoding=\"async\" srcset=\"https:\/\/theatreagora.ca\/wp-content\/uploads\/2025\/05\/Banniere_page-0001-3-1024x512.jpg ,https:\/\/theatreagora.ca\/wp-content\/uploads\/2025\/05\/Banniere_page-0001-3-scaled.jpg 780w, https:\/\/theatreagora.ca\/wp-content\/uploads\/2025\/05\/Banniere_page-0001-3-scaled.jpg 360w\" sizes=\"auto, (max-width: 480px) 150px\" src=\"https:\/\/theatreagora.ca\/wp-content\/uploads\/2025\/05\/Banniere_page-0001-3-1024x512.jpg\" alt=\"\" class=\"uag-image-6789\" width=\"10800\" height=\"5401\" title=\"Banni\u00e8re_page-0001\" loading=\"lazy\" role=\"img\"\/><\/figure><\/div>\n\n\n\n<div class=\"wp-block-uagb-buttons uagb-buttons__outer-wrap uagb-btn__default-btn uagb-btn-tablet__default-btn uagb-btn-mobile__default-btn uagb-block-c63d815d\"><div class=\"uagb-buttons__wrap uagb-buttons-layout-wrap \">\n<div class=\"wp-block-uagb-buttons-child uagb-buttons__outer-wrap uagb-block-ca6328ac wp-block-button\"><div class=\"uagb-button__wrapper\"><a class=\"uagb-buttons-repeater wp-block-button__link\" aria-label=\"\" href=\"https:\/\/theatreagora.ca\/fr\/colloque-sqet-2025\/\" rel=\"follow noopener\" target=\"_self\" role=\"button\"><div class=\"uagb-button__link\">Cliquez ici pour en savoir plus<\/div><\/a><\/div><\/div>\n<\/div><\/div>\n\n\n\n<div class=\"wp-block-buttons is-layout-flex wp-block-buttons-is-layout-flex\">\n<div class=\"wp-block-button\"><a class=\"wp-block-button__link wp-element-button\" href=\"https:\/\/theatreagora.ca\/fr\/colloque-sqet-2024\/colloque-sqet-2025-horaire\/\">Horaire et acc\u00e8s Zoom<\/a><\/div>\n<\/div>\n\n\n\n<h2 class=\"wp-block-heading\"><span class=\"ez-toc-section\" id=\"a-venir-2\"><\/span>\u00c0 venir:<span class=\"ez-toc-section-end\"><\/span><\/h2>\n\n\n\n<figure class=\"wp-block-image size-large\"><img loading=\"lazy\" decoding=\"async\" width=\"1024\" height=\"924\" src=\"https:\/\/theatreagora.ca\/wp-content\/uploads\/2025\/05\/CATR-2025-4-1024x924.jpg\" alt=\"\" class=\"wp-image-7615\" srcset=\"https:\/\/theatreagora.ca\/wp-content\/uploads\/2025\/05\/CATR-2025-4-1024x924.jpg 1024w, https:\/\/theatreagora.ca\/wp-content\/uploads\/2025\/05\/CATR-2025-4-300x271.jpg 300w, https:\/\/theatreagora.ca\/wp-content\/uploads\/2025\/05\/CATR-2025-4-768x693.jpg 768w, https:\/\/theatreagora.ca\/wp-content\/uploads\/2025\/05\/CATR-2025-4-1536x1387.jpg 1536w, https:\/\/theatreagora.ca\/wp-content\/uploads\/2025\/05\/CATR-2025-4-2048x1849.jpg 2048w, https:\/\/theatreagora.ca\/wp-content\/uploads\/2025\/05\/CATR-2025-4-540x487.jpg 540w, https:\/\/theatreagora.ca\/wp-content\/uploads\/2025\/05\/CATR-2025-4-1080x975.jpg 1080w, https:\/\/theatreagora.ca\/wp-content\/uploads\/2025\/05\/CATR-2025-4-1980x1787.jpg 1980w\" sizes=\"auto, (max-width: 1024px) 100vw, 1024px\" \/><figcaption class=\"wp-element-caption\">Screenshot<\/figcaption><\/figure>\n\n\n\n<p>Inscription \u00e0 la colloque de l&#8217;ACRT 2025<\/p>\n\n\n\n<p>Adh\u00e9sion \u00e0 la CATR [<a href=\"https:\/\/www.zeffy.com\/en-CA\/ticketing\/canadian-association-for-theatre-researchassociation-canadienne-de-la-recherche-theatrale-memberships--2025\">LIEN<\/a>]<br><\/p>\n\n\n\n<p>Obtenez une adh\u00e9sion SQET \u00e0 prix r\u00e9duit [<a href=\"https:\/\/www.zeffy.com\/en-CA\/ticketing\/sqet-membership\">LIEN<\/a>]<\/p>\n\n\n\n<p><\/p>\n\n\n\n<p>Inscription \u00e0 l&#8217;acte II (en personne) \u2013 25 au 28 juin 2025 \u00e0 Regina, en Saskatchewan [<a href=\"https:\/\/www.zeffy.com\/en-CA\/ticketing\/catr-2025-act-ii-in-person\">LIEN<\/a>]<\/p>\n\n\n\n<p><\/p>\n\n\n\n<p>Faites un don aux initiatives de la CATR [<a href=\"https:\/\/www.zeffy.com\/en-CA\/donation-form\/donate-to-catrs-initiatives\">LIEN<\/a>]<\/p>\n\n\n\n<p><\/p>\n\n\n\n<p>H\u00e9bergement pour l&#8217;ACRT 2025<\/p>\n\n\n\n<p>Si vous assistez \u00e0 l&#8217;ACRT en personne \u00e0 Regina, vous pouvez r\u00e9server votre chambre \u00e0 l&#8217;h\u00f4tel Atlas\u00b0 en cliquant sur ce lien&nbsp;: <a href=\"https:\/\/www.atlashotel.com\/060825atr\">https:\/\/www.atlashotel.com\/060825atr<\/a><\/p>\n\n\n\n<p>Vous pouvez \u00e9galement r\u00e9server par t\u00e9l\u00e9phone (306-586-3443 ou 1-844-586-3443) ou par courriel (groups@atlashotel.com), veuillez indiquer le code <strong>060825ATR<\/strong> pour b\u00e9n\u00e9ficier de notre tarif r\u00e9duit pour la salle de conf\u00e9rence.<\/p>\n\n\n\n<p><\/p>\n\n\n\n<div style=\"height:32px\" aria-hidden=\"true\" class=\"wp-block-spacer\"><\/div>\n\n\n\n<h2 class=\"wp-block-heading\"><span class=\"ez-toc-section\" id=\"a-venir-confessions-sceniques-dispositif-theatralite-et-reinvention-du-reel\"><\/span>\u00c0 venir: Confessions sc\u00e9niques : dispositif, th\u00e9\u00e2tralit\u00e9 et r\u00e9invention du r\u00e9el<span class=\"ez-toc-section-end\"><\/span><\/h2>\n\n\n\n<p>En collaboration avec le CEAD, les chercheur\u00b7euses de l\u2019Axe th\u00e9orie et critique de la&nbsp;<em>Soci\u00e9t\u00e9 qu\u00e9b\u00e9coise d\u2019\u00e9tudes th\u00e9\u00e2trales<\/em>&nbsp;(SQET) vous invitent le 19 d\u00e9cembre prochain \u00e0 un 5 \u00e0 7 rassemblant les auteur.rices Anne-Marie Olivier et Dany Boudreault pour discuter de l\u2019influence du t\u00e9moignage dans leurs d\u00e9marches d\u2019\u00e9criture. La conf\u00e9rence-discussion sera ouverte au public en pr\u00e9sentiel dans les locaux du CEAD et en ligne via Th\u00e9\u00e2treAgora.ca<\/p>\n\n\n\n<div class=\"wp-block-buttons is-layout-flex wp-block-buttons-is-layout-flex\">\n<div class=\"wp-block-button\"><a class=\"wp-block-button__link wp-element-button\" href=\"https:\/\/theatreagora.ca\/fr\/confessions-sceniques-dispositif-theatralite-et-reinvention-du-reel\/\">Cliquez ici pour en savoir plus<\/a><\/div>\n<\/div>\n\n\n\n<h2 class=\"wp-block-heading\"><span class=\"ez-toc-section\" id=\"commissions-%c2%abdoctes-assemblees%c2%bb\"><\/span>Commissions \u00abDoctes assembl\u00e9es\u00bb<span class=\"ez-toc-section-end\"><\/span><\/h2>\n\n\n\n<p>Organis\u00e9e par Jordana Cox, \u00ab Doctes assembl\u00e9es \u00bb est une collection d&#8217;\u0153uvres des membres du CATR et de la SQET. Cliquez ci-dessous pour voir les \u0153uvres et en savoir plus sur chacune, sur la collection et sur les artistes impliqu\u00e9s<\/p>\n\n\n\n<div class=\"wp-block-buttons is-layout-flex wp-block-buttons-is-layout-flex\">\n<div class=\"wp-block-button\"><a class=\"wp-block-button__link wp-element-button\" href=\"https:\/\/theatreagora.ca\/fr\/just-meetings-doctes-assemblees\/\">Cliquez ici<\/a><\/div>\n<\/div>\n\n\n\n<h2 class=\"wp-block-heading\"><span class=\"ez-toc-section\" id=\"appel-a-propositions-theatreagoraca-programmation-2024-25\"><\/span>Appel \u00e0 propositions: TheatreAgora.ca programmation 2024-25<span class=\"ez-toc-section-end\"><\/span><\/h2>\n<\/div>\n<\/div>\n\n\n<p><!-- \/wp:post-content --><\/p>\n<p><!-- wp:heading {\"level\":3} --><\/p>\n<p><!-- \/wp:heading --><\/p>\n<p><!-- wp:media-text {\"mediaId\":3911,\"linkDestination\":\"custom\",\"mediaType\":\"image\"} --><\/p>\n<div class=\"wp-block-media-text is-stacked-on-mobile\">\n<figure class=\"wp-block-media-text__media\"><\/figure>\n<div class=\"wp-block-media-text__content\" style=\"text-align: center;\">\u00a0<\/div>\n<\/div>\n<p><!-- \/wp:media-text --><\/p>\n<p><!-- wp:paragraph --><\/p>\n<p><strong>Organisez un atelier en ligne, une performance, un s\u00e9minaire ou une conf\u00e9rence autonome sur\u00a0<a href=\"https:\/\/uqam.us18.list-manage.com\/track\/click?u=8053ecb0ec8289d5d8f7d28c6&amp;id=24bedd6dc2&amp;e=fac9936543\" target=\"_blank\" rel=\"noreferrer noopener\">TheatreAgora.ca<\/a>, l\u2019espace de rencontre virtuel de l\u2019ACRT et de la SQET!<br \/><\/strong>\u00a0<br \/>Cet espace virtuel est disponible gratuitement pour les membres de l\u2019ACRT et de la SQET qui organisent des \u00e9v\u00e9nements dans n\u2019importe quelle langue. Les avantages de l\u2019organisation d\u2019un \u00e9v\u00e9nement sur TheatreAgora.ca sont les suivants :<\/p>\n<p><!-- \/wp:paragraph --><\/p>\n<p><!-- wp:list --><\/p>\n<ul>\n<li style=\"list-style-type: none;\">\n<ul><!-- wp:list-item --><\/p>\n<li>Une page d\u2019accueil fiable et accessible pour l\u2019information et l\u2019acc\u00e8s aux \u00e9v\u00e9nements<\/li>\n<li>Promotions crois\u00e9es bilingues pour les membres de l\u2019ACRT et de la SQET<\/li>\n<li>Assistance technique le jour de l\u2019\u00e9v\u00e9nement<\/li>\n<li>Conseils pour trouver et financer des traducteur\u00b7trice\u00b7s et des interpr\u00e8tes (si n\u00e9cessaire)<\/li>\n<li>R\u00e9seautage avec des sp\u00e9cialistes du th\u00e9\u00e2tre \u00e0 travers le pays\u00a0<\/li>\n<\/ul>\n<\/li>\n<\/ul>\n<p><!-- \/wp:list-item --><\/p>\n<p><!-- wp:list-item --><\/p>\n<p><!-- \/wp:list-item --><\/p>\n<p><!-- wp:list-item --><\/p>\n<p><!-- \/wp:list-item --><\/p>\n<p><!-- wp:list-item --><\/p>\n<p><!-- \/wp:list-item --><\/p>\n<p><!-- wp:list-item --><\/p>\n<p><!-- \/wp:list-item --><\/p>\n<p><!-- wp:list-item --><\/p>\n<p><!-- \/wp:list-item --><\/p>\n<p><!-- \/wp:list --><\/p>\n<p><!-- wp:paragraph --><\/p>\n<p><span style=\"font-weight: 400;\">Pour toute question, veuillez envoyer un courriel \u00e0 Jordana Cox,<\/span> <span style=\"font-weight: 400;\">commissaire de <a href=\"http:\/\/TheatreAgora.ca\">TheatreAgora.ca<\/a>, \u00e0 l\u2019adresse <\/span><a href=\"mailto:info@theatreagora.ca\"><span style=\"font-weight: 400;\">info<\/span><span style=\"font-weight: 400;\">@theatreagora.ca <\/span><\/a><span style=\"font-weight: 400;\">,<\/span><span style=\"font-weight: 400;\"> ainsi<\/span> <span style=\"font-weight: 400;\">qu\u2019une br\u00e8ve description (1 \u00e0 2 paragraphes) de votre id\u00e9e, de la date ou<\/span> <span style=\"font-weight: 400;\">des dates propos\u00e9es et du format possible (il est \u00e9galement possible<\/span> <span style=\"font-weight: 400;\">d&#8217;envoyer une br\u00e8ve proposition orale ou par t\u00e9l\u00e9phone, si vous le<\/span> <span style=\"font-weight: 400;\">souhaitez). Les propositions seront accept\u00e9es au fur et \u00e0 mesure,<\/span> <span style=\"font-weight: 400;\">id\u00e9alement 4-6 mois \u00e0 l\u2019avance. La commissaire \u00e9valuera les soumissions,<\/span> <span style=\"font-weight: 400;\">en collaboration avec le comit\u00e9, en se basant sur les crit\u00e8res suivants :<\/span><span style=\"font-weight: 400;\">\u00a0<\/span><\/p>\n<ul>\n<li><span style=\"font-weight: 400;\"> Le potentiel de contribuer \u00e0 la recherche et\/ou aux pratiques en<\/span> <span style=\"font-weight: 400;\">\u00e9tudes th\u00e9\u00e2trales et des arts vivants.<\/span><\/li>\n<li><span style=\"font-weight: 400;\"> L&#8217;engagement avec les implications \u00e9thiques et politiques de la<\/span> <span style=\"font-weight: 400;\">recherche et\/ou de la pratique.<\/span><\/li>\n<li><span style=\"font-weight: 400;\"> La faisabilit\u00e9 technique.<\/span><\/li>\n<\/ul>\n<p><span style=\"font-weight: 400;\">Les propositions en plusieurs langues sont encourag\u00e9es, mais pas<\/span> <span style=\"font-weight: 400;\">obligatoires.<\/span><\/p>\n<p><!-- \/wp:paragraph --><\/p>\n<p><!-- wp:paragraph {\"align\":\"center\"} --><\/p>\n<p class=\"has-text-align-center\">____________________________________________________________________________________<\/p>\n<p><!-- \/wp:paragraph --><\/p>\n<p><!-- wp:paragraph {\"fontSize\":\"small\"} --><\/p>\n<p class=\"has-small-font-size\"><strong>Le comit\u00e9 du TheatreAgora.ca est compos\u00e9 des membres suivants :<\/strong><\/p>\n<p><!-- \/wp:paragraph --><\/p>\n<p><!-- wp:paragraph {\"fontSize\":\"small\"} --><\/p>\n<p class=\"has-small-font-size\">Fraser Stevens (Co-pr\u00e9sidence), Nicole Nolette (Co-pr\u00e9sidence), <span class=\"il\">Jordana<\/span> Cox (Commissaire), Jake Nevins (Direction technique), Corinne Viau (Direction technique), Cassandre Chatonnier, Katrina Dunn, Andy Houston, Jane Koustas, Jeanne Murray-Tanguay.<\/p>\n<\/p>\n<p><!-- \/wp:paragraph --><\/p>","protected":false},"excerpt":{"rendered":"<p>Attribution: Meysam Khavari Bienvenue \u00e0 TheatreAgora.ca. TheatreAgora.ca, une collaboration entre la Soci\u00e9t\u00e9 qu\u00e9becoise d&#8217;\u00e9tudes th\u00e9\u00e2trales (SQET) et l&#8217;Association canadienne pour la recherche th\u00e9\u00e2trale (CATR), est un espace de&hellip;<\/p>\n","protected":false},"author":3,"featured_media":0,"parent":0,"menu_order":0,"comment_status":"closed","ping_status":"closed","template":"template-full-width.php","meta":{"_acf_changed":false,"_uag_custom_page_level_css":"","_monsterinsights_skip_tracking":false,"_monsterinsights_sitenote_active":false,"_monsterinsights_sitenote_note":"","_monsterinsights_sitenote_category":0,"footnotes":""},"class_list":["post-75","page","type-page","status-publish","has-post-thumbnail","hentry"],"acf":[],"yoast_head":"<!-- This site is optimized with the Yoast SEO plugin v27.2 - https:\/\/yoast.com\/product\/yoast-seo-wordpress\/ -->\n<title>Accueil - TheatreAgora.ca<\/title>\n<meta name=\"robots\" content=\"index, follow, max-snippet:-1, max-image-preview:large, max-video-preview:-1\" \/>\n<link rel=\"canonical\" href=\"https:\/\/theatreagora.ca\/fr\/\" \/>\n<meta property=\"og:locale\" content=\"fr_FR\" \/>\n<meta property=\"og:type\" content=\"article\" \/>\n<meta property=\"og:title\" content=\"Accueil - TheatreAgora.ca\" \/>\n<meta property=\"og:description\" content=\"Attribution: Meysam Khavari Bienvenue \u00e0 TheatreAgora.ca. TheatreAgora.ca, une collaboration entre la Soci\u00e9t\u00e9 qu\u00e9becoise d&#8217;\u00e9tudes th\u00e9\u00e2trales (SQET) et l&#8217;Association canadienne pour la recherche th\u00e9\u00e2trale (CATR), est un espace de&hellip;\" \/>\n<meta property=\"og:url\" content=\"https:\/\/theatreagora.ca\/fr\/\" \/>\n<meta property=\"og:site_name\" content=\"TheatreAgora.ca\" \/>\n<meta property=\"article:modified_time\" content=\"2026-01-13T23:19:55+00:00\" \/>\n<meta property=\"og:image\" content=\"https:\/\/theatreagora.ca\/wp-content\/uploads\/2023\/06\/TheatreAgoraBanner2023-1.png\" \/>\n\t<meta property=\"og:image:width\" content=\"1500\" \/>\n\t<meta property=\"og:image:height\" content=\"1529\" \/>\n\t<meta property=\"og:image:type\" content=\"image\/png\" \/>\n<meta name=\"twitter:card\" content=\"summary_large_image\" \/>\n<meta name=\"twitter:label1\" content=\"Dur\u00e9e de lecture estim\u00e9e\" \/>\n\t<meta name=\"twitter:data1\" content=\"4 minutes\" \/>\n<script type=\"application\/ld+json\" class=\"yoast-schema-graph\">{\"@context\":\"https:\/\/schema.org\",\"@graph\":[{\"@type\":\"WebPage\",\"@id\":\"https:\/\/theatreagora.ca\/fr\/\",\"url\":\"https:\/\/theatreagora.ca\/fr\/\",\"name\":\"Accueil - TheatreAgora.ca\",\"isPartOf\":{\"@id\":\"https:\/\/theatreagora.ca\/#website\"},\"primaryImageOfPage\":{\"@id\":\"https:\/\/theatreagora.ca\/fr\/#primaryimage\"},\"image\":{\"@id\":\"https:\/\/theatreagora.ca\/fr\/#primaryimage\"},\"thumbnailUrl\":\"https:\/\/theatreagora.ca\/wp-content\/uploads\/2023\/06\/TheatreAgoraBanner2023-1-1005x1024.png\",\"datePublished\":\"2022-11-07T15:08:16+00:00\",\"dateModified\":\"2026-01-13T23:19:55+00:00\",\"breadcrumb\":{\"@id\":\"https:\/\/theatreagora.ca\/fr\/#breadcrumb\"},\"inLanguage\":\"fr-FR\",\"potentialAction\":[{\"@type\":\"ReadAction\",\"target\":[\"https:\/\/theatreagora.ca\/fr\/\"]}]},{\"@type\":\"ImageObject\",\"inLanguage\":\"fr-FR\",\"@id\":\"https:\/\/theatreagora.ca\/fr\/#primaryimage\",\"url\":\"https:\/\/theatreagora.ca\/wp-content\/uploads\/2023\/06\/TheatreAgoraBanner2023-1-1005x1024.png\",\"contentUrl\":\"https:\/\/theatreagora.ca\/wp-content\/uploads\/2023\/06\/TheatreAgoraBanner2023-1-1005x1024.png\"},{\"@type\":\"BreadcrumbList\",\"@id\":\"https:\/\/theatreagora.ca\/fr\/#breadcrumb\",\"itemListElement\":[{\"@type\":\"ListItem\",\"position\":1,\"name\":\"Home\",\"item\":\"https:\/\/theatreagora.ca\/fr\/\"},{\"@type\":\"ListItem\",\"position\":2,\"name\":\"Accueil\"}]},{\"@type\":\"WebSite\",\"@id\":\"https:\/\/theatreagora.ca\/#website\",\"url\":\"https:\/\/theatreagora.ca\/\",\"name\":\"TheatreAgora.ca\",\"description\":\"the online meeting place of CATR and SQET |\u00a0le lieu de rencontre en ligne de la SQET et de l\u2019ACRT\",\"publisher\":{\"@id\":\"https:\/\/theatreagora.ca\/#organization\"},\"potentialAction\":[{\"@type\":\"SearchAction\",\"target\":{\"@type\":\"EntryPoint\",\"urlTemplate\":\"https:\/\/theatreagora.ca\/?s={search_term_string}\"},\"query-input\":{\"@type\":\"PropertyValueSpecification\",\"valueRequired\":true,\"valueName\":\"search_term_string\"}}],\"inLanguage\":\"fr-FR\"},{\"@type\":\"Organization\",\"@id\":\"https:\/\/theatreagora.ca\/#organization\",\"name\":\"TheatreAgora.ca\",\"url\":\"https:\/\/theatreagora.ca\/\",\"logo\":{\"@type\":\"ImageObject\",\"inLanguage\":\"fr-FR\",\"@id\":\"https:\/\/theatreagora.ca\/#\/schema\/logo\/image\/\",\"url\":\"https:\/\/theatreagora.ca\/wp-content\/uploads\/2024\/11\/cropped-TA_Logo.png\",\"contentUrl\":\"https:\/\/theatreagora.ca\/wp-content\/uploads\/2024\/11\/cropped-TA_Logo.png\",\"width\":2043,\"height\":517,\"caption\":\"TheatreAgora.ca\"},\"image\":{\"@id\":\"https:\/\/theatreagora.ca\/#\/schema\/logo\/image\/\"}}]}<\/script>\n<!-- \/ Yoast SEO plugin. -->","yoast_head_json":{"title":"Accueil - TheatreAgora.ca","robots":{"index":"index","follow":"follow","max-snippet":"max-snippet:-1","max-image-preview":"max-image-preview:large","max-video-preview":"max-video-preview:-1"},"canonical":"https:\/\/theatreagora.ca\/fr\/","og_locale":"fr_FR","og_type":"article","og_title":"Accueil - TheatreAgora.ca","og_description":"Attribution: Meysam Khavari Bienvenue \u00e0 TheatreAgora.ca. TheatreAgora.ca, une collaboration entre la Soci\u00e9t\u00e9 qu\u00e9becoise d&#8217;\u00e9tudes th\u00e9\u00e2trales (SQET) et l&#8217;Association canadienne pour la recherche th\u00e9\u00e2trale (CATR), est un espace de&hellip;","og_url":"https:\/\/theatreagora.ca\/fr\/","og_site_name":"TheatreAgora.ca","article_modified_time":"2026-01-13T23:19:55+00:00","og_image":[{"width":1500,"height":1529,"url":"https:\/\/theatreagora.ca\/wp-content\/uploads\/2023\/06\/TheatreAgoraBanner2023-1.png","type":"image\/png"}],"twitter_card":"summary_large_image","twitter_misc":{"Dur\u00e9e de lecture estim\u00e9e":"4 minutes"},"schema":{"@context":"https:\/\/schema.org","@graph":[{"@type":"WebPage","@id":"https:\/\/theatreagora.ca\/fr\/","url":"https:\/\/theatreagora.ca\/fr\/","name":"Accueil - TheatreAgora.ca","isPartOf":{"@id":"https:\/\/theatreagora.ca\/#website"},"primaryImageOfPage":{"@id":"https:\/\/theatreagora.ca\/fr\/#primaryimage"},"image":{"@id":"https:\/\/theatreagora.ca\/fr\/#primaryimage"},"thumbnailUrl":"https:\/\/theatreagora.ca\/wp-content\/uploads\/2023\/06\/TheatreAgoraBanner2023-1-1005x1024.png","datePublished":"2022-11-07T15:08:16+00:00","dateModified":"2026-01-13T23:19:55+00:00","breadcrumb":{"@id":"https:\/\/theatreagora.ca\/fr\/#breadcrumb"},"inLanguage":"fr-FR","potentialAction":[{"@type":"ReadAction","target":["https:\/\/theatreagora.ca\/fr\/"]}]},{"@type":"ImageObject","inLanguage":"fr-FR","@id":"https:\/\/theatreagora.ca\/fr\/#primaryimage","url":"https:\/\/theatreagora.ca\/wp-content\/uploads\/2023\/06\/TheatreAgoraBanner2023-1-1005x1024.png","contentUrl":"https:\/\/theatreagora.ca\/wp-content\/uploads\/2023\/06\/TheatreAgoraBanner2023-1-1005x1024.png"},{"@type":"BreadcrumbList","@id":"https:\/\/theatreagora.ca\/fr\/#breadcrumb","itemListElement":[{"@type":"ListItem","position":1,"name":"Home","item":"https:\/\/theatreagora.ca\/fr\/"},{"@type":"ListItem","position":2,"name":"Accueil"}]},{"@type":"WebSite","@id":"https:\/\/theatreagora.ca\/#website","url":"https:\/\/theatreagora.ca\/","name":"TheatreAgora.ca","description":"the online meeting place of CATR and SQET |\u00a0le lieu de rencontre en ligne de la SQET et de l\u2019ACRT","publisher":{"@id":"https:\/\/theatreagora.ca\/#organization"},"potentialAction":[{"@type":"SearchAction","target":{"@type":"EntryPoint","urlTemplate":"https:\/\/theatreagora.ca\/?s={search_term_string}"},"query-input":{"@type":"PropertyValueSpecification","valueRequired":true,"valueName":"search_term_string"}}],"inLanguage":"fr-FR"},{"@type":"Organization","@id":"https:\/\/theatreagora.ca\/#organization","name":"TheatreAgora.ca","url":"https:\/\/theatreagora.ca\/","logo":{"@type":"ImageObject","inLanguage":"fr-FR","@id":"https:\/\/theatreagora.ca\/#\/schema\/logo\/image\/","url":"https:\/\/theatreagora.ca\/wp-content\/uploads\/2024\/11\/cropped-TA_Logo.png","contentUrl":"https:\/\/theatreagora.ca\/wp-content\/uploads\/2024\/11\/cropped-TA_Logo.png","width":2043,"height":517,"caption":"TheatreAgora.ca"},"image":{"@id":"https:\/\/theatreagora.ca\/#\/schema\/logo\/image\/"}}]}},"uagb_featured_image_src":{"full":false,"thumbnail":false,"medium":false,"medium_large":false,"large":false,"1536x1536":false,"2048x2048":false,"post-thumbnail":false,"chaplin_preview_image_low_resolution":false,"chaplin_preview_image_high_resolution":false,"chaplin_fullscreen":false},"uagb_author_info":{"display_name":"Jordana Cox","author_link":"https:\/\/theatreagora.ca\/fr\/author\/j8cox\/"},"uagb_comment_info":0,"uagb_excerpt":"Attribution: Meysam Khavari Bienvenue \u00e0 TheatreAgora.ca. TheatreAgora.ca, une collaboration entre la Soci\u00e9t\u00e9 qu\u00e9becoise d&#8217;\u00e9tudes th\u00e9\u00e2trales (SQET) et l&#8217;Association canadienne pour la recherche th\u00e9\u00e2trale (CATR), est un espace de&hellip;","_links":{"self":[{"href":"https:\/\/theatreagora.ca\/fr\/wp-json\/wp\/v2\/pages\/75","targetHints":{"allow":["GET"]}}],"collection":[{"href":"https:\/\/theatreagora.ca\/fr\/wp-json\/wp\/v2\/pages"}],"about":[{"href":"https:\/\/theatreagora.ca\/fr\/wp-json\/wp\/v2\/types\/page"}],"author":[{"embeddable":true,"href":"https:\/\/theatreagora.ca\/fr\/wp-json\/wp\/v2\/users\/3"}],"replies":[{"embeddable":true,"href":"https:\/\/theatreagora.ca\/fr\/wp-json\/wp\/v2\/comments?post=75"}],"version-history":[{"count":57,"href":"https:\/\/theatreagora.ca\/fr\/wp-json\/wp\/v2\/pages\/75\/revisions"}],"predecessor-version":[{"id":8044,"href":"https:\/\/theatreagora.ca\/fr\/wp-json\/wp\/v2\/pages\/75\/revisions\/8044"}],"wp:attachment":[{"href":"https:\/\/theatreagora.ca\/fr\/wp-json\/wp\/v2\/media?parent=75"}],"curies":[{"name":"wp","href":"https:\/\/api.w.org\/{rel}","templated":true}]}}